{"id":6992,"date":"2022-10-26T13:05:53","date_gmt":"2022-10-26T13:05:53","guid":{"rendered":"https:\/\/mabuko.co.mz\/?post_type=product&#038;p=6992"},"modified":"2023-01-10T10:04:46","modified_gmt":"2023-01-10T10:04:46","slug":"zen-e-a-arte-da-manutencao-de-motocicletas","status":"publish","type":"product","link":"https:\/\/mabuko.co.mz\/site\/?product=zen-e-a-arte-da-manutencao-de-motocicletas","title":{"rendered":"ZEN E A ARTE DA MANUTEN\u00c7\u00c3O DE MOTOCICLETAS"},"content":{"rendered":"<p>Robert M. P\u00edrsig<\/p>\n<p>9789722337700<\/p>\n","protected":false},"excerpt":{"rendered":"<div id=\"productPageSectionAboutBook-sinopseTitle\" class=\"right-title\"><strong>SINOPSE<\/strong><\/div>\n<div id=\"productPageSectionAboutBook-sinopse\" class=\"right-text\">\n<p>A descri\u00e7\u00e3o de uma viagem em pleno Ver\u00e3o pelos Estados Unidos ao volante de uma motorizada conduzida por um pai e o seu filho revela-se uma odisseia filos\u00f3fica sobre quest\u00f5es fundamentais sobre a forma como vivemos. Este \u00e9 o mote para uma jornada que teve lugar h\u00e1 vinte e cinco anos e que desde ent\u00e3o tem surpreendido leitores em todo o mundo. Agora, numa edi\u00e7\u00e3o revista e ampliada, Robert Pirsig aborda o processo reconciliador da ci\u00eancia, religi\u00e3o e humanismo, apresentando um verdadeiro livro sobre a vida e a nossa exist\u00eancia, suportado por uma boa t\u00e9cnica narrativa e uma dose certa de sentido de humor. Uma leitura inspiradora e intemporal que se apresenta como um manual de vida, de estudo e de divertimento levando o leitor por uma viagem interior pelos grandes temas civilizacionais do presente. Uma obra que transformou uma gera\u00e7\u00e3o e continua a inspirar milh\u00f5es de pessoas.<\/p>\n<\/div>\n","protected":false},"featured_media":6994,"template":"","meta":{"_monsterinsights_skip_tracking":false,"_monsterinsights_sitenote_active":false,"_monsterinsights_sitenote_note":"","_monsterinsights_sitenote_category":0},"product_cat":[104],"product_tag":[],"class_list":{"0":"post-6992","1":"product","2":"type-product","3":"status-publish","4":"has-post-thumbnail","6":"product_cat-literatura-geral","7":"pa_book-author-robert-m-pirsig","9":"first","10":"outofstock","11":"shipping-taxable","12":"purchasable","13":"product-type-simple"},"_links":{"self":[{"href":"https:\/\/mabuko.co.mz\/site\/index.php?rest_route=\/wp\/v2\/product\/6992","targetHints":{"allow":["GET"]}}],"collection":[{"href":"https:\/\/mabuko.co.mz\/site\/index.php?rest_route=\/wp\/v2\/product"}],"about":[{"href":"https:\/\/mabuko.co.mz\/site\/index.php?rest_route=\/wp\/v2\/types\/product"}],"wp:featuredmedia":[{"embeddable":true,"href":"https:\/\/mabuko.co.mz\/site\/index.php?rest_route=\/wp\/v2\/media\/6994"}],"wp:attachment":[{"href":"https:\/\/mabuko.co.mz\/site\/index.php?rest_route=%2Fwp%2Fv2%2Fmedia&parent=6992"}],"wp:term":[{"taxonomy":"product_cat","embeddable":true,"href":"https:\/\/mabuko.co.mz\/site\/index.php?rest_route=%2Fwp%2Fv2%2Fproduct_cat&post=6992"},{"taxonomy":"product_tag","embeddable":true,"href":"https:\/\/mabuko.co.mz\/site\/index.php?rest_route=%2Fwp%2Fv2%2Fproduct_tag&post=6992"}],"curies":[{"name":"wp","href":"https:\/\/api.w.org\/{rel}","templated":true}]}}