{"id":6990,"date":"2022-10-26T12:58:13","date_gmt":"2022-10-26T12:58:13","guid":{"rendered":"https:\/\/mabuko.co.mz\/?post_type=product&#038;p=6990"},"modified":"2023-01-10T10:05:43","modified_gmt":"2023-01-10T10:05:43","slug":"levantando-do-chao","status":"publish","type":"product","link":"https:\/\/mabuko.co.mz\/site\/?product=levantando-do-chao","title":{"rendered":"LEVANTANDO DO CH\u00c3O"},"content":{"rendered":"<p>Jos\u00e9 Saramago<\/p>\n<p>9789720046895<\/p>\n","protected":false},"excerpt":{"rendered":"<p><strong>SINOPSE<\/strong><\/p>\n<p>A transforma\u00e7\u00e3o social. A contesta\u00e7\u00e3o. Personagens em di\u00e1logos. As cruentas desigualdades sociais. Surgem as perguntas proibidas. Vai-se adquirindo consci\u00eancia e espa\u00e7o, para que tudo se levante do ch\u00e3o. Um livro composto por 34 cap\u00edtulos. No 17.\u00ba est\u00e1 a tortura e a morte de Germano Santos Vidigal. Germano, o nome que significa irm\u00e3o, o homem da lan\u00e7a. Apesar de vencido, o sacrif\u00edcio da sua vida indica o caminho. \u00abJ\u00e1 o encontraram. Levam-no dois guardas, para onde quer que nos voltemos n\u00e3o se v\u00ea outra coisa, levam-no da pra\u00e7a, \u00e0 sa\u00edda da porta do sector seis juntam-se mais dois, e agora parece mesmo de prop\u00f3sito, \u00e9 tudo a subir, como se estiv\u00e9ssemos a ver uma fita sobre a vida de Cristo, l\u00e1 em cima \u00e9 o calv\u00e1rio, estes s\u00e3o os centuri\u00f5es de bota rija e guerreiro suor, levam as lan\u00e7as engatilhadas, est\u00e1 um calor de sufocar, alto.\u00bb<br \/>\nAs mulheres s\u00e3o tamb\u00e9m chamadas \u00e0 primeira linha das decis\u00f5es neste belo romance de Saramago. O di\u00e1logo monossil\u00e1bico entre marido e mulher da fam\u00edlia Mau-Tempo vai-se alterando. Interessante observar uma narrativa que vai da submiss\u00e3o ao sentido de liberta\u00e7\u00e3o, atrav\u00e9s de gera\u00e7\u00f5es.<br \/>\n<em>Di\u00e1rio de Not\u00edcias<\/em>, 9 de Outubro de 1998.<\/p>\n","protected":false},"featured_media":6991,"template":"","meta":{"_monsterinsights_skip_tracking":false,"_monsterinsights_sitenote_active":false,"_monsterinsights_sitenote_note":"","_monsterinsights_sitenote_category":0},"product_cat":[104],"product_tag":[],"class_list":{"0":"post-6990","1":"product","2":"type-product","3":"status-publish","4":"has-post-thumbnail","6":"product_cat-literatura-geral","7":"pa_book-author-jose-saramago","9":"first","10":"outofstock","11":"shipping-taxable","12":"purchasable","13":"product-type-simple"},"_links":{"self":[{"href":"https:\/\/mabuko.co.mz\/site\/index.php?rest_route=\/wp\/v2\/product\/6990","targetHints":{"allow":["GET"]}}],"collection":[{"href":"https:\/\/mabuko.co.mz\/site\/index.php?rest_route=\/wp\/v2\/product"}],"about":[{"href":"https:\/\/mabuko.co.mz\/site\/index.php?rest_route=\/wp\/v2\/types\/product"}],"wp:featuredmedia":[{"embeddable":true,"href":"https:\/\/mabuko.co.mz\/site\/index.php?rest_route=\/wp\/v2\/media\/6991"}],"wp:attachment":[{"href":"https:\/\/mabuko.co.mz\/site\/index.php?rest_route=%2Fwp%2Fv2%2Fmedia&parent=6990"}],"wp:term":[{"taxonomy":"product_cat","embeddable":true,"href":"https:\/\/mabuko.co.mz\/site\/index.php?rest_route=%2Fwp%2Fv2%2Fproduct_cat&post=6990"},{"taxonomy":"product_tag","embeddable":true,"href":"https:\/\/mabuko.co.mz\/site\/index.php?rest_route=%2Fwp%2Fv2%2Fproduct_tag&post=6990"}],"curies":[{"name":"wp","href":"https:\/\/api.w.org\/{rel}","templated":true}]}}