{"id":6986,"date":"2022-10-26T12:44:57","date_gmt":"2022-10-26T12:44:57","guid":{"rendered":"https:\/\/mabuko.co.mz\/?post_type=product&#038;p=6986"},"modified":"2023-01-10T10:08:16","modified_gmt":"2023-01-10T10:08:16","slug":"as-doencas-do-brasil","status":"publish","type":"product","link":"https:\/\/mabuko.co.mz\/site\/?product=as-doencas-do-brasil","title":{"rendered":"AS DOEN\u00c7AS DO BRASIL"},"content":{"rendered":"<p>Valter Hugo M\u00e3e<\/p>\n<p>9789720034861<\/p>\n","protected":false},"excerpt":{"rendered":"<p><strong>SINOPSE<\/strong><\/p>\n<p>A &#8220;fera branca&#8221; quase exterminou os povos origin\u00e1rios do Brasil. Ao longo de s\u00e9culos, os brancos mataram aqueles que n\u00e3o podiam escravizar. A dada altura, em fuga, muitos negros encontraram ao acaso os povos de peles vermelhas e tantas vezes o entendimento e a paz aconteceram. Valter Hugo M\u00e3e cria para a Literatura actual duas figuras inesquec\u00edveis: Honra e Meio da Noite, rapazes peculiares que, ao abrigo das aldeias gentis dos abaet\u00e9, estabelecem uma cumplicidade para certa ideia de defesa. Honra \u00e9 fruto da viola\u00e7\u00e3o de um branco a uma abaet\u00e9. Cresce claro, humilhado por uma pele que diz n\u00e3o ser cicatriz daquele golpe porque \u00e9 ferida. \u00c9 sempre ferida. Esta \u00e9 uma delicad\u00edssima hist\u00f3ria de resistentes. Exuberante aventura das palavras e da imagina\u00e7\u00e3o em busca da hip\u00f3tese da paz.<\/p>\n","protected":false},"featured_media":6987,"template":"","meta":{"_monsterinsights_skip_tracking":false,"_monsterinsights_sitenote_active":false,"_monsterinsights_sitenote_note":"","_monsterinsights_sitenote_category":0},"product_cat":[105],"product_tag":[],"class_list":{"0":"post-6986","1":"product","2":"type-product","3":"status-publish","4":"has-post-thumbnail","6":"product_cat-romance","7":"pa_book-author-valter-hugo-mae","9":"first","10":"outofstock","11":"shipping-taxable","12":"purchasable","13":"product-type-simple"},"_links":{"self":[{"href":"https:\/\/mabuko.co.mz\/site\/index.php?rest_route=\/wp\/v2\/product\/6986","targetHints":{"allow":["GET"]}}],"collection":[{"href":"https:\/\/mabuko.co.mz\/site\/index.php?rest_route=\/wp\/v2\/product"}],"about":[{"href":"https:\/\/mabuko.co.mz\/site\/index.php?rest_route=\/wp\/v2\/types\/product"}],"wp:featuredmedia":[{"embeddable":true,"href":"https:\/\/mabuko.co.mz\/site\/index.php?rest_route=\/wp\/v2\/media\/6987"}],"wp:attachment":[{"href":"https:\/\/mabuko.co.mz\/site\/index.php?rest_route=%2Fwp%2Fv2%2Fmedia&parent=6986"}],"wp:term":[{"taxonomy":"product_cat","embeddable":true,"href":"https:\/\/mabuko.co.mz\/site\/index.php?rest_route=%2Fwp%2Fv2%2Fproduct_cat&post=6986"},{"taxonomy":"product_tag","embeddable":true,"href":"https:\/\/mabuko.co.mz\/site\/index.php?rest_route=%2Fwp%2Fv2%2Fproduct_tag&post=6986"}],"curies":[{"name":"wp","href":"https:\/\/api.w.org\/{rel}","templated":true}]}}