{"id":6983,"date":"2022-10-26T12:33:53","date_gmt":"2022-10-26T12:33:53","guid":{"rendered":"https:\/\/mabuko.co.mz\/?post_type=product&#038;p=6983"},"modified":"2023-01-10T10:09:08","modified_gmt":"2023-01-10T10:09:08","slug":"viver-depois-de-ti","status":"publish","type":"product","link":"https:\/\/mabuko.co.mz\/site\/?product=viver-depois-de-ti","title":{"rendered":"VIVER DEPOIS DE TI"},"content":{"rendered":"<p>Jojo Moyes<\/p>\n<p>9789720045775<\/p>\n","protected":false},"excerpt":{"rendered":"<p><strong>SINOPSE<\/strong><\/p>\n<p>Lou Clark sabe muitas coisas. Sabe quantos passos deve dar entre a paragem do autocarro e a sua casa. Sabe que trabalha na casa de ch\u00e1 The Buttered Bun e sabe que n\u00e3o est\u00e1 apaixonada pelo namorado, Patrick. O que ela n\u00e3o sabe \u00e9 que vai perder o emprego e que todas as suas certezas v\u00e3o ser postas em causa.<br \/>\nWill Traynor sabe que o acidente de motociclo lhe tirou o desejo de viver. Sabe que agora tudo lhe parece triste e in\u00fatil e sabe como p\u00f4r fim a este sofrimento. O que n\u00e3o sabe \u00e9 que Lou vai irromper na sua vida com toda a energia e vontade de viver. E nenhum deles sabe que as suas vidas v\u00e3o mudar para sempre.<br \/>\nEm &#8220;Viver Depois de Ti&#8221;, Jojo Moyes aborda um tema dif\u00edcil e controverso com sensibilidade e realismo, obrigando-nos a refletir sobre o direito \u00e0 liberdade de escolha e as suas consequ\u00eancias.<\/p>\n","protected":false},"featured_media":6985,"template":"","meta":{"_monsterinsights_skip_tracking":false,"_monsterinsights_sitenote_active":false,"_monsterinsights_sitenote_note":"","_monsterinsights_sitenote_category":0},"product_cat":[105],"product_tag":[],"class_list":{"0":"post-6983","1":"product","2":"type-product","3":"status-publish","4":"has-post-thumbnail","6":"product_cat-romance","8":"first","9":"outofstock","10":"shipping-taxable","11":"purchasable","12":"product-type-simple"},"_links":{"self":[{"href":"https:\/\/mabuko.co.mz\/site\/index.php?rest_route=\/wp\/v2\/product\/6983","targetHints":{"allow":["GET"]}}],"collection":[{"href":"https:\/\/mabuko.co.mz\/site\/index.php?rest_route=\/wp\/v2\/product"}],"about":[{"href":"https:\/\/mabuko.co.mz\/site\/index.php?rest_route=\/wp\/v2\/types\/product"}],"wp:featuredmedia":[{"embeddable":true,"href":"https:\/\/mabuko.co.mz\/site\/index.php?rest_route=\/wp\/v2\/media\/6985"}],"wp:attachment":[{"href":"https:\/\/mabuko.co.mz\/site\/index.php?rest_route=%2Fwp%2Fv2%2Fmedia&parent=6983"}],"wp:term":[{"taxonomy":"product_cat","embeddable":true,"href":"https:\/\/mabuko.co.mz\/site\/index.php?rest_route=%2Fwp%2Fv2%2Fproduct_cat&post=6983"},{"taxonomy":"product_tag","embeddable":true,"href":"https:\/\/mabuko.co.mz\/site\/index.php?rest_route=%2Fwp%2Fv2%2Fproduct_tag&post=6983"}],"curies":[{"name":"wp","href":"https:\/\/api.w.org\/{rel}","templated":true}]}}