{"id":6981,"date":"2022-10-26T12:20:13","date_gmt":"2022-10-26T12:20:13","guid":{"rendered":"https:\/\/mabuko.co.mz\/?post_type=product&#038;p=6981"},"modified":"2023-01-10T10:09:53","modified_gmt":"2023-01-10T10:09:53","slug":"o-amor-e-o-melhor-remedio","status":"publish","type":"product","link":"https:\/\/mabuko.co.mz\/site\/?product=o-amor-e-o-melhor-remedio","title":{"rendered":"O AMOR \u00c9 O MELHOR REM\u00c9DIO"},"content":{"rendered":"<p>Jamie Reidy<\/p>\n<p>9789722344777<\/p>\n","protected":false},"excerpt":{"rendered":"<p><strong>SINOPSE<\/strong><\/p>\n<p>Quando questionado pela m\u00e3e sobre o que fazia exactamente para ganhar a vida, Jamie Reidy apercebeu-se n\u00e3o s\u00f3 que n\u00e3o sabia responder-lhe mas tamb\u00e9m que tinha uma boa hist\u00f3ria para contar. Enquanto delegado de informa\u00e7\u00e3o m\u00e9dica da Pfizer, Jamie fazia parte de uma realidade que a muitos passava despercebida. Num tom descontra\u00eddo e numa prosa repleta de vivacidade, o autor leva-nos aos bastidores da ind\u00fastria farmac\u00eautica norte-americana. Um livro revelador e fascinante, que n\u00e3o deixar\u00e1 ningu\u00e9m indiferente.<\/p>\n","protected":false},"featured_media":6982,"template":"","meta":{"_monsterinsights_skip_tracking":false,"_monsterinsights_sitenote_active":false,"_monsterinsights_sitenote_note":"","_monsterinsights_sitenote_category":0},"product_cat":[105],"product_tag":[],"class_list":{"0":"post-6981","1":"product","2":"type-product","3":"status-publish","4":"has-post-thumbnail","6":"product_cat-romance","7":"pa_book-author-jamie-reidy","9":"first","10":"outofstock","11":"shipping-taxable","12":"purchasable","13":"product-type-simple"},"_links":{"self":[{"href":"https:\/\/mabuko.co.mz\/site\/index.php?rest_route=\/wp\/v2\/product\/6981","targetHints":{"allow":["GET"]}}],"collection":[{"href":"https:\/\/mabuko.co.mz\/site\/index.php?rest_route=\/wp\/v2\/product"}],"about":[{"href":"https:\/\/mabuko.co.mz\/site\/index.php?rest_route=\/wp\/v2\/types\/product"}],"wp:featuredmedia":[{"embeddable":true,"href":"https:\/\/mabuko.co.mz\/site\/index.php?rest_route=\/wp\/v2\/media\/6982"}],"wp:attachment":[{"href":"https:\/\/mabuko.co.mz\/site\/index.php?rest_route=%2Fwp%2Fv2%2Fmedia&parent=6981"}],"wp:term":[{"taxonomy":"product_cat","embeddable":true,"href":"https:\/\/mabuko.co.mz\/site\/index.php?rest_route=%2Fwp%2Fv2%2Fproduct_cat&post=6981"},{"taxonomy":"product_tag","embeddable":true,"href":"https:\/\/mabuko.co.mz\/site\/index.php?rest_route=%2Fwp%2Fv2%2Fproduct_tag&post=6981"}],"curies":[{"name":"wp","href":"https:\/\/api.w.org\/{rel}","templated":true}]}}