{"id":6977,"date":"2022-10-26T12:08:20","date_gmt":"2022-10-26T12:08:20","guid":{"rendered":"https:\/\/mabuko.co.mz\/?post_type=product&#038;p=6977"},"modified":"2023-01-10T10:10:41","modified_gmt":"2023-01-10T10:10:41","slug":"suaves-portugueses","status":"publish","type":"product","link":"https:\/\/mabuko.co.mz\/site\/?product=suaves-portugueses","title":{"rendered":"SUAVES PORTUGUESES"},"content":{"rendered":"<p>Pedro Marques Lopes<\/p>\n<p>978989750882<\/p>\n","protected":false},"excerpt":{"rendered":"<div id=\"productPageSectionAboutBook-sinopseTitle\" class=\"right-title\"><strong>SINOPSE<\/strong><\/div>\n<div><\/div>\n<div id=\"productPageSectionAboutBook-sinopse\" class=\"right-text\">\n<p><i>Suaves Portugueses<\/i>\u00a0revela um registo pouco conhecido de Pedro Marques Lopes. Neste livro o leitor encontrar\u00e1 uma vis\u00e3o apurada do autor, do pa\u00eds, do pai de fam\u00edlia, do adepto da liberdade de express\u00e3o, do entusiasta de futebol e de golf, do homem assumidamente apaixonado pela comida, pela vida, pela m\u00fasica e pelos livros.<br \/>\nUm livro escrito num estilo narrativo flu\u00eddo e carism\u00e1tico, salpicado de um humor sarc\u00e1stico e por vezes doloroso, porque essa \u00e9 tamb\u00e9m a fun\u00e7\u00e3o das cr\u00f3nicas e do cronista.<\/p>\n<\/div>\n","protected":false},"featured_media":6979,"template":"","meta":{"_monsterinsights_skip_tracking":false,"_monsterinsights_sitenote_active":false,"_monsterinsights_sitenote_note":"","_monsterinsights_sitenote_category":0},"product_cat":[104],"product_tag":[],"class_list":{"0":"post-6977","1":"product","2":"type-product","3":"status-publish","4":"has-post-thumbnail","6":"product_cat-literatura-geral","7":"pa_book-author-pedro-marques-lopes","9":"first","10":"outofstock","11":"shipping-taxable","12":"purchasable","13":"product-type-simple"},"_links":{"self":[{"href":"https:\/\/mabuko.co.mz\/site\/index.php?rest_route=\/wp\/v2\/product\/6977","targetHints":{"allow":["GET"]}}],"collection":[{"href":"https:\/\/mabuko.co.mz\/site\/index.php?rest_route=\/wp\/v2\/product"}],"about":[{"href":"https:\/\/mabuko.co.mz\/site\/index.php?rest_route=\/wp\/v2\/types\/product"}],"wp:featuredmedia":[{"embeddable":true,"href":"https:\/\/mabuko.co.mz\/site\/index.php?rest_route=\/wp\/v2\/media\/6979"}],"wp:attachment":[{"href":"https:\/\/mabuko.co.mz\/site\/index.php?rest_route=%2Fwp%2Fv2%2Fmedia&parent=6977"}],"wp:term":[{"taxonomy":"product_cat","embeddable":true,"href":"https:\/\/mabuko.co.mz\/site\/index.php?rest_route=%2Fwp%2Fv2%2Fproduct_cat&post=6977"},{"taxonomy":"product_tag","embeddable":true,"href":"https:\/\/mabuko.co.mz\/site\/index.php?rest_route=%2Fwp%2Fv2%2Fproduct_tag&post=6977"}],"curies":[{"name":"wp","href":"https:\/\/api.w.org\/{rel}","templated":true}]}}