{"id":6975,"date":"2022-10-26T11:52:02","date_gmt":"2022-10-26T11:52:02","guid":{"rendered":"https:\/\/mabuko.co.mz\/?post_type=product&#038;p=6975"},"modified":"2023-01-10T10:11:26","modified_gmt":"2023-01-10T10:11:26","slug":"china-e-india-as-duas-grandes-potencias-emergentes","status":"publish","type":"product","link":"https:\/\/mabuko.co.mz\/site\/?product=china-e-india-as-duas-grandes-potencias-emergentes","title":{"rendered":"CHINA E \u00cdNDIA As duas grandes pot\u00eancias emergentes"},"content":{"rendered":"<p>Federico Rampini<\/p>\n<p>9789722337267<\/p>\n","protected":false},"excerpt":{"rendered":"<p><strong>SINOPSE<\/strong><\/p>\n<p align=\"justify\">Federico Rampini oferece-nos uma visita guiada \u00e0s duas grandes pot\u00eancias emergentes: China e \u00cdndia. Atrav\u00e9s de uma narrativa objectiva, o autor p\u00f5e lado a lado as hist\u00f3rias de sucesso e ascens\u00e3o, com as de mis\u00e9ria, explora\u00e7\u00e3o e subdesenvolvimento, evidenciando n\u00e3o s\u00f3 os desafios e fragilidades internos de cada um dos pa\u00edses, como as fundamentais diferen\u00e7as entre ambos. Um testemunho inestim\u00e1vel das dimens\u00f5es e variedade de um dos mais importantes acontecimentos dos \u00faltimos s\u00e9culos, que procura simultaneamente projectar num futuro pr\u00f3ximo as consequ\u00eancias globais de uma hipot\u00e9tica hegemonia sino-indiana.<\/p>\n<p align=\"justify\">Uma obra que se dirige ao p\u00fablico em geral, atento \u00e0s quest\u00f5es pol\u00edtico-econ\u00f3micas do Oriente.<\/p>\n","protected":false},"featured_media":6976,"template":"","meta":{"_monsterinsights_skip_tracking":false,"_monsterinsights_sitenote_active":false,"_monsterinsights_sitenote_note":"","_monsterinsights_sitenote_category":0},"product_cat":[102],"product_tag":[],"class_list":{"0":"post-6975","1":"product","2":"type-product","3":"status-publish","4":"has-post-thumbnail","6":"product_cat-livros-tecnicos","7":"pa_book-author-frederico-rampini","9":"first","10":"outofstock","11":"shipping-taxable","12":"purchasable","13":"product-type-simple"},"_links":{"self":[{"href":"https:\/\/mabuko.co.mz\/site\/index.php?rest_route=\/wp\/v2\/product\/6975","targetHints":{"allow":["GET"]}}],"collection":[{"href":"https:\/\/mabuko.co.mz\/site\/index.php?rest_route=\/wp\/v2\/product"}],"about":[{"href":"https:\/\/mabuko.co.mz\/site\/index.php?rest_route=\/wp\/v2\/types\/product"}],"wp:featuredmedia":[{"embeddable":true,"href":"https:\/\/mabuko.co.mz\/site\/index.php?rest_route=\/wp\/v2\/media\/6976"}],"wp:attachment":[{"href":"https:\/\/mabuko.co.mz\/site\/index.php?rest_route=%2Fwp%2Fv2%2Fmedia&parent=6975"}],"wp:term":[{"taxonomy":"product_cat","embeddable":true,"href":"https:\/\/mabuko.co.mz\/site\/index.php?rest_route=%2Fwp%2Fv2%2Fproduct_cat&post=6975"},{"taxonomy":"product_tag","embeddable":true,"href":"https:\/\/mabuko.co.mz\/site\/index.php?rest_route=%2Fwp%2Fv2%2Fproduct_tag&post=6975"}],"curies":[{"name":"wp","href":"https:\/\/api.w.org\/{rel}","templated":true}]}}