{"id":6970,"date":"2022-10-26T11:18:22","date_gmt":"2022-10-26T11:18:22","guid":{"rendered":"https:\/\/mabuko.co.mz\/?post_type=product&#038;p=6970"},"modified":"2023-01-10T10:15:27","modified_gmt":"2023-01-10T10:15:27","slug":"invictus-o-triunfo-de-mandela","status":"publish","type":"product","link":"https:\/\/mabuko.co.mz\/site\/?product=invictus-o-triunfo-de-mandela","title":{"rendered":"INVICTUS O Triunfo de Mandela"},"content":{"rendered":"<p>John Carlin<\/p>\n<p>9789722342780<\/p>\n","protected":false},"excerpt":{"rendered":"<p><strong>SINOPSE<\/strong><\/p>\n<p>Quando Nelson Mandela conquistou a presid\u00eancia nas primeiras elei\u00e7\u00f5es livres, sabia que esta mudan\u00e7a formal n\u00e3o era suficiente para extinguir os \u00f3dios alimentados durante d\u00e9cadas. Com aquele seu carisma que tanto sobressai pela intelig\u00eancia e humanidade, como por um magnetismo fortemente sedutor, o seu esfor\u00e7o orientou-se no sentido de unir negros e brancos atrav\u00e9s de algo que puder encarnar a alma nacional. Num golpe de g\u00e9nio, viu na final da Ta\u00e7a Mundial de R\u00e2guebi de 1995 a oportunidade \u00fanica para p\u00f4r em pr\u00e1tica o seu plano. Um documento hist\u00f3rico que brilha pela clareza e complexidade dos factores em jogo, constituindo ao mesmo tempo um sentido testemunho ao homem que o inspirou. Esta obra deu origem ao filme Invictus.<\/p>\n","protected":false},"featured_media":6972,"template":"","meta":{"_monsterinsights_skip_tracking":false,"_monsterinsights_sitenote_active":false,"_monsterinsights_sitenote_note":"","_monsterinsights_sitenote_category":0},"product_cat":[173],"product_tag":[],"class_list":{"0":"post-6970","1":"product","2":"type-product","3":"status-publish","4":"has-post-thumbnail","6":"product_cat-biografias","7":"pa_book-author-john-carlin","9":"first","10":"outofstock","11":"shipping-taxable","12":"purchasable","13":"product-type-simple"},"_links":{"self":[{"href":"https:\/\/mabuko.co.mz\/site\/index.php?rest_route=\/wp\/v2\/product\/6970","targetHints":{"allow":["GET"]}}],"collection":[{"href":"https:\/\/mabuko.co.mz\/site\/index.php?rest_route=\/wp\/v2\/product"}],"about":[{"href":"https:\/\/mabuko.co.mz\/site\/index.php?rest_route=\/wp\/v2\/types\/product"}],"wp:featuredmedia":[{"embeddable":true,"href":"https:\/\/mabuko.co.mz\/site\/index.php?rest_route=\/wp\/v2\/media\/6972"}],"wp:attachment":[{"href":"https:\/\/mabuko.co.mz\/site\/index.php?rest_route=%2Fwp%2Fv2%2Fmedia&parent=6970"}],"wp:term":[{"taxonomy":"product_cat","embeddable":true,"href":"https:\/\/mabuko.co.mz\/site\/index.php?rest_route=%2Fwp%2Fv2%2Fproduct_cat&post=6970"},{"taxonomy":"product_tag","embeddable":true,"href":"https:\/\/mabuko.co.mz\/site\/index.php?rest_route=%2Fwp%2Fv2%2Fproduct_tag&post=6970"}],"curies":[{"name":"wp","href":"https:\/\/api.w.org\/{rel}","templated":true}]}}