{"id":6968,"date":"2022-10-26T10:32:04","date_gmt":"2022-10-26T10:32:04","guid":{"rendered":"https:\/\/mabuko.co.mz\/?post_type=product&#038;p=6968"},"modified":"2023-01-10T10:17:10","modified_gmt":"2023-01-10T10:17:10","slug":"a-biblia-a-historia-de-deus-e-de-todos-nos","status":"publish","type":"product","link":"https:\/\/mabuko.co.mz\/site\/?product=a-biblia-a-historia-de-deus-e-de-todos-nos","title":{"rendered":"A B\u00cdBLIA A hist\u00f3ria de Deus e de todos n\u00f3s"},"content":{"rendered":"<p>Mark Burnett<\/p>\n<p>Roma Downey<\/p>\n<p>9789897541148<\/p>\n","protected":false},"excerpt":{"rendered":"<p><strong>SINOPSE<\/strong><\/p>\n<p>Um capuz manchado de sangue cobre a cabe\u00e7a de Jesus, que est\u00e1 prostrado no c\u00e1rcere dentro da resid\u00eancia de Pilatos. O governador romano entra na cela. Um guarda retira o capuz de Jesus. \u2013 E ent\u00e3o, voc\u00ea \u00e9 o Rei dos Judeus? \u2013 \u00c9 isso que o senhor pensa ou est\u00e1 apenas repetindo o que outros lhe disseram a meu respeito? Pilatos recua um passo e desvia o olhar por alguns instantes. \u2013 O seu pr\u00f3prio povo diz isso \u2013 responde o governante, recuperando a compostura. \u2013 Ent\u00e3o, diga-me: voc\u00ea \u00e9 um rei? \u2013 Meu reino n\u00e3o pertence a este mundo. As hist\u00f3rias da B\u00edblia s\u00e3o incr\u00edveis relatos de f\u00e9, coragem, paix\u00f5es, guerras, trai\u00e7\u00f5es e poder. Por tr\u00e1s da mensagem espiritual contida em suas p\u00e1ginas, h\u00e1 uma aventura \u00e9pica empolgante, repleta de guerreiros, rebeldes, profetas e Reis, todos chamados por Deus para revelar Seu amor pela humanidade. Inspirado na miniss\u00e9rie A B\u00edblia, este livro narra alguns dos mais importantes epis\u00f3dios das Escrituras, desde a cria\u00e7\u00e3o do homem at\u00e9 a passagem de Jesus pela Terra, cuja vida, morte e ressurrei\u00e7\u00e3o trouxeram a salva\u00e7\u00e3o para todos n\u00f3s. Com uma narrativa envolvente e um texto \u00e1gil, Roma Downey e Mark Burnett d\u00e3o vida a grandes personagens, como Mois\u00e9s, Davi, Samuel e Sans\u00e3o, e descrevem trechos fundamentais do livro sagrado, como o dil\u00favio que dizimou os primeiros habitantes do planeta, a promessa de Deus a Abra\u00e3o, as dez pragas do Egipto, a trai\u00e7\u00e3o de Judas e a luta dos ap\u00f3stolos para manter viva a mensagem do Messias. Electrizante como um suspense, comovente como o mais belo romance de todos os tempos, este livro vai conquistar at\u00e9 mesmo aqueles que nunca imaginaram se empolgar com as hist\u00f3rias da B\u00edblia.<\/p>\n","protected":false},"featured_media":6969,"template":"","meta":{"_monsterinsights_skip_tracking":false,"_monsterinsights_sitenote_active":false,"_monsterinsights_sitenote_note":"","_monsterinsights_sitenote_category":0},"product_cat":[102],"product_tag":[],"class_list":{"0":"post-6968","1":"product","2":"type-product","3":"status-publish","4":"has-post-thumbnail","6":"product_cat-livros-tecnicos","7":"pa_book-author-mark-burnett","8":"pa_book-author-roma-downey","10":"first","11":"outofstock","12":"shipping-taxable","13":"purchasable","14":"product-type-simple"},"_links":{"self":[{"href":"https:\/\/mabuko.co.mz\/site\/index.php?rest_route=\/wp\/v2\/product\/6968","targetHints":{"allow":["GET"]}}],"collection":[{"href":"https:\/\/mabuko.co.mz\/site\/index.php?rest_route=\/wp\/v2\/product"}],"about":[{"href":"https:\/\/mabuko.co.mz\/site\/index.php?rest_route=\/wp\/v2\/types\/product"}],"wp:featuredmedia":[{"embeddable":true,"href":"https:\/\/mabuko.co.mz\/site\/index.php?rest_route=\/wp\/v2\/media\/6969"}],"wp:attachment":[{"href":"https:\/\/mabuko.co.mz\/site\/index.php?rest_route=%2Fwp%2Fv2%2Fmedia&parent=6968"}],"wp:term":[{"taxonomy":"product_cat","embeddable":true,"href":"https:\/\/mabuko.co.mz\/site\/index.php?rest_route=%2Fwp%2Fv2%2Fproduct_cat&post=6968"},{"taxonomy":"product_tag","embeddable":true,"href":"https:\/\/mabuko.co.mz\/site\/index.php?rest_route=%2Fwp%2Fv2%2Fproduct_tag&post=6968"}],"curies":[{"name":"wp","href":"https:\/\/api.w.org\/{rel}","templated":true}]}}