{"id":6966,"date":"2022-10-26T10:23:04","date_gmt":"2022-10-26T10:23:04","guid":{"rendered":"https:\/\/mabuko.co.mz\/?post_type=product&#038;p=6966"},"modified":"2023-01-10T10:19:06","modified_gmt":"2023-01-10T10:19:06","slug":"linhagem-de-bravos","status":"publish","type":"product","link":"https:\/\/mabuko.co.mz\/site\/?product=linhagem-de-bravos","title":{"rendered":"LINHAGEM DE BRAVOS"},"content":{"rendered":"<p>Em\u00edlo Miranda<\/p>\n<p>9789897542244<\/p>\n","protected":false},"excerpt":{"rendered":"<div id=\"productPageSectionAboutBook-sinopseTitle\" class=\"right-title\"><strong>SINOPSE<\/strong><\/div>\n<div id=\"productPageSectionAboutBook-sinopse\" class=\"right-text\">\n<p><i>Linhagem de Bravos<\/i>\u00a0\u00e9 uma viagem \u00e0 \u00c9poca Medieval, aos prim\u00f3rdios da nacionalidade, ao frio, \u00e0 lama, \u00e0 fome e \u00e0s dificuldades de um povo que luta pelo p\u00e3o de cada dia.<br \/>\n1289. Um rei. Um foral. Um outeiro.<br \/>\nSim\u00e3o da Cruz \u00e9 um pedreiro em fuga, por um crime cometido. Trata-se de um delito de honra. De morte de um fidalgo. A justi\u00e7a segue no seu encal\u00e7o. Em simult\u00e2neo, uma fam\u00edlia -pai e tr\u00eas filhos \u00f3rf\u00e3osde m\u00e3e -abandona,pela calada da noite, as terras do fidalgo a quem sempre serviu. A fuga imp\u00f5e-se pelo desejo de uma vida melhor, mas tamb\u00e9m pelo roubo perpetrado. Sobre a carro\u00e7a furtada ao nobre, um arado de ferro \u00e9 a esperan\u00e7a de uma vida melhor, em terras de Tr\u00e1s-os-Montes, onde &#8211; diz-se &#8211; el-rei D. Dinis deseja fundar a cidade.<\/p>\n<\/div>\n","protected":false},"featured_media":6967,"template":"","meta":{"_monsterinsights_skip_tracking":false,"_monsterinsights_sitenote_active":false,"_monsterinsights_sitenote_note":"","_monsterinsights_sitenote_category":0},"product_cat":[105],"product_tag":[],"class_list":{"0":"post-6966","1":"product","2":"type-product","3":"status-publish","4":"has-post-thumbnail","6":"product_cat-romance","7":"pa_book-author-emilio-miranda","9":"first","10":"outofstock","11":"shipping-taxable","12":"purchasable","13":"product-type-simple"},"_links":{"self":[{"href":"https:\/\/mabuko.co.mz\/site\/index.php?rest_route=\/wp\/v2\/product\/6966","targetHints":{"allow":["GET"]}}],"collection":[{"href":"https:\/\/mabuko.co.mz\/site\/index.php?rest_route=\/wp\/v2\/product"}],"about":[{"href":"https:\/\/mabuko.co.mz\/site\/index.php?rest_route=\/wp\/v2\/types\/product"}],"wp:featuredmedia":[{"embeddable":true,"href":"https:\/\/mabuko.co.mz\/site\/index.php?rest_route=\/wp\/v2\/media\/6967"}],"wp:attachment":[{"href":"https:\/\/mabuko.co.mz\/site\/index.php?rest_route=%2Fwp%2Fv2%2Fmedia&parent=6966"}],"wp:term":[{"taxonomy":"product_cat","embeddable":true,"href":"https:\/\/mabuko.co.mz\/site\/index.php?rest_route=%2Fwp%2Fv2%2Fproduct_cat&post=6966"},{"taxonomy":"product_tag","embeddable":true,"href":"https:\/\/mabuko.co.mz\/site\/index.php?rest_route=%2Fwp%2Fv2%2Fproduct_tag&post=6966"}],"curies":[{"name":"wp","href":"https:\/\/api.w.org\/{rel}","templated":true}]}}