{"id":6964,"date":"2022-10-26T10:08:49","date_gmt":"2022-10-26T10:08:49","guid":{"rendered":"https:\/\/mabuko.co.mz\/?post_type=product&#038;p=6964"},"modified":"2023-01-10T10:25:18","modified_gmt":"2023-01-10T10:25:18","slug":"viagem-a-portugal","status":"publish","type":"product","link":"https:\/\/mabuko.co.mz\/site\/?product=viagem-a-portugal","title":{"rendered":"VIAGEM A PORTUGAL"},"content":{"rendered":"<p>Jos\u00e9 Saramago<\/p>\n<p>9789720034731<\/p>\n<p>&nbsp;<\/p>\n","protected":false},"excerpt":{"rendered":"<p><b>SINOPSE<\/b><\/p>\n<p>Entre Outubro de 1979 e Julho de 1980, Jos\u00e9 Saramago percorreu o pa\u00eds l\u00e9s a l\u00e9s a convite do C\u00edrculo de Leitores, que comemorava o d\u00e9cimo anivers\u00e1rio da sua implanta\u00e7\u00e3o em Portugal. Disse o autor ap\u00f3s essa deambula\u00e7\u00e3o, misto de cr\u00f3nica, narrativa e recorda\u00e7\u00f5es, que \u00abo fim de uma viagem \u00e9 apenas o come\u00e7o de outra. \u00c9 preciso ver o que n\u00e3o foi visto, ver outra vez o que se viu j\u00e1, ver na primavera o que se vira no ver\u00e3o, ver de dia o que se viu de noite&#8230; \u00c9 preciso voltar aos passos que foram dados, para os repetir, e para tra\u00e7ar caminhos novos\u00bb. Este \u00e9 um livro decisivo para Jos\u00e9 Saramago, na medida em que se constituiu como um marco que ofereceu ao autor condi\u00e7\u00f5es materiais para se dedicar \u00e0 escrita a tempo inteiro. Esta edi\u00e7\u00e3o especial de <em>Viagem a Portugal<\/em>\u00a0inclui todas as fotografias que Saramago fez ao longo da sua viagem \u2014 quase todas in\u00e9ditas \u2014, a par de fotografias de Duarte Belo, e a sua publica\u00e7\u00e3o coincide com o in\u00edcio das comemora\u00e7\u00f5es do Centen\u00e1rio de Jos\u00e9 Saramago.<\/p>\n","protected":false},"featured_media":6965,"template":"","meta":{"_monsterinsights_skip_tracking":false,"_monsterinsights_sitenote_active":false,"_monsterinsights_sitenote_note":"","_monsterinsights_sitenote_category":0},"product_cat":[104],"product_tag":[],"class_list":{"0":"post-6964","1":"product","2":"type-product","3":"status-publish","4":"has-post-thumbnail","6":"product_cat-literatura-geral","7":"pa_book-author-jose-saramago","9":"first","10":"outofstock","11":"shipping-taxable","12":"purchasable","13":"product-type-simple"},"_links":{"self":[{"href":"https:\/\/mabuko.co.mz\/site\/index.php?rest_route=\/wp\/v2\/product\/6964","targetHints":{"allow":["GET"]}}],"collection":[{"href":"https:\/\/mabuko.co.mz\/site\/index.php?rest_route=\/wp\/v2\/product"}],"about":[{"href":"https:\/\/mabuko.co.mz\/site\/index.php?rest_route=\/wp\/v2\/types\/product"}],"wp:featuredmedia":[{"embeddable":true,"href":"https:\/\/mabuko.co.mz\/site\/index.php?rest_route=\/wp\/v2\/media\/6965"}],"wp:attachment":[{"href":"https:\/\/mabuko.co.mz\/site\/index.php?rest_route=%2Fwp%2Fv2%2Fmedia&parent=6964"}],"wp:term":[{"taxonomy":"product_cat","embeddable":true,"href":"https:\/\/mabuko.co.mz\/site\/index.php?rest_route=%2Fwp%2Fv2%2Fproduct_cat&post=6964"},{"taxonomy":"product_tag","embeddable":true,"href":"https:\/\/mabuko.co.mz\/site\/index.php?rest_route=%2Fwp%2Fv2%2Fproduct_tag&post=6964"}],"curies":[{"name":"wp","href":"https:\/\/api.w.org\/{rel}","templated":true}]}}