{"id":6962,"date":"2022-10-26T10:01:29","date_gmt":"2022-10-26T10:01:29","guid":{"rendered":"https:\/\/mabuko.co.mz\/?post_type=product&#038;p=6962"},"modified":"2023-01-10T10:29:32","modified_gmt":"2023-01-10T10:29:32","slug":"amalia-nas-suas-palavras","status":"publish","type":"product","link":"https:\/\/mabuko.co.mz\/site\/?product=amalia-nas-suas-palavras","title":{"rendered":"AM\u00c1LIA NAS SUAS PALAVRAS"},"content":{"rendered":"<p>Am\u00e1lia Rodrigues<\/p>\n<p>Manuel da Fonseca<\/p>\n<p>9789720033642<\/p>\n","protected":false},"excerpt":{"rendered":"<div id=\"productPageSectionAboutBook-sinopseTitle\" class=\"right-title\"><strong>SINOPSE<\/strong><\/div>\n<div><\/div>\n<div id=\"productPageSectionAboutBook-sinopse\" class=\"right-text\">\n<p>Em 1973, a Editora Arc\u00e1dia encarregou o escritor Manuel da Fonseca de escrever uma biografia de Am\u00e1lia Rodrigues. A ideia parecia genial &#8211; p\u00f4r um escritor famoso e conhecido pela sua milit\u00e2ncia comunista a tra\u00e7ar o perfil daquela que era ent\u00e3o considerada o \u00edcone do Fado e um dos \u00abpilares\u00bb da propaganda do Regime. Essa biografia nunca foi escrita, mas ficaram gravadas longas horas de conversa entre os dois, quer na casa da Rua de S\u00e3o Bento, quer na herdade que Am\u00e1lia tinha no Brej\u00e3o. Entretanto, a Arc\u00e1dia acabou e as grava\u00e7\u00f5es ficaram esquecidas. At\u00e9 hoje&#8230;<\/p>\n<p>Neste que ser\u00e1 certamente o mais importante livro publicado no Centen\u00e1rio de Am\u00e1lia, essa conversa &#8211; at\u00e9 hoje in\u00e9dita &#8211; \u00e9 finalmente revelada, permitindo-nos acompanhar a vida de Am\u00e1lia, nas suas pr\u00f3prias palavras, desde a pobreza em que nasceu e cresceu at\u00e9 ao auge da sua carreira art\u00edstica.<\/p>\n<\/div>\n","protected":false},"featured_media":6963,"template":"","meta":{"_monsterinsights_skip_tracking":false,"_monsterinsights_sitenote_active":false,"_monsterinsights_sitenote_note":"","_monsterinsights_sitenote_category":0},"product_cat":[173],"product_tag":[],"class_list":{"0":"post-6962","1":"product","2":"type-product","3":"status-publish","4":"has-post-thumbnail","6":"product_cat-biografias","7":"pa_book-author-amalia-rodrigues","8":"pa_book-author-manuel-da-fonseca","10":"first","11":"outofstock","12":"shipping-taxable","13":"purchasable","14":"product-type-simple"},"_links":{"self":[{"href":"https:\/\/mabuko.co.mz\/site\/index.php?rest_route=\/wp\/v2\/product\/6962","targetHints":{"allow":["GET"]}}],"collection":[{"href":"https:\/\/mabuko.co.mz\/site\/index.php?rest_route=\/wp\/v2\/product"}],"about":[{"href":"https:\/\/mabuko.co.mz\/site\/index.php?rest_route=\/wp\/v2\/types\/product"}],"wp:featuredmedia":[{"embeddable":true,"href":"https:\/\/mabuko.co.mz\/site\/index.php?rest_route=\/wp\/v2\/media\/6963"}],"wp:attachment":[{"href":"https:\/\/mabuko.co.mz\/site\/index.php?rest_route=%2Fwp%2Fv2%2Fmedia&parent=6962"}],"wp:term":[{"taxonomy":"product_cat","embeddable":true,"href":"https:\/\/mabuko.co.mz\/site\/index.php?rest_route=%2Fwp%2Fv2%2Fproduct_cat&post=6962"},{"taxonomy":"product_tag","embeddable":true,"href":"https:\/\/mabuko.co.mz\/site\/index.php?rest_route=%2Fwp%2Fv2%2Fproduct_tag&post=6962"}],"curies":[{"name":"wp","href":"https:\/\/api.w.org\/{rel}","templated":true}]}}