{"id":6959,"date":"2022-10-26T09:51:06","date_gmt":"2022-10-26T09:51:06","guid":{"rendered":"https:\/\/mabuko.co.mz\/?post_type=product&#038;p=6959"},"modified":"2023-01-10T10:30:56","modified_gmt":"2023-01-10T10:30:56","slug":"amor-e-chocolate","status":"publish","type":"product","link":"https:\/\/mabuko.co.mz\/site\/?product=amor-e-chocolate","title":{"rendered":"AMOR E CHOCOLATE"},"content":{"rendered":"<p>&nbsp;<\/p>\n<p>9789720041128<\/p>\n","protected":false},"excerpt":{"rendered":"<p><strong>SINOPSE<\/strong><\/p>\n<p>UMA HIST\u00d3RIA DELICIOSA DE AMOR, LUX\u00daRIA E CHOCOLATE.<\/p>\n<p>Amber Salpone n\u00e3o queria sentir-se atra\u00edda pelo amigo Greg Walterson, mas n\u00e3o consegue evitar. E, de cada vez que a atrac\u00e3o se concretiza em algo mais, a aventura secreta fica mais perto de se tornar numa rela\u00e7\u00e3o s\u00e9ria, o que, sendo ele um mulherengo e tendo ela fobia ao compromisso, constitui um grande problema.<\/p>\n<p>Enquanto Amber luta para aceitar o que passou a sentir por Greg, apercebe-se tamb\u00e9m de que ela e Jen, a sua melhor amiga, est\u00e3o cada vez mais afastadas. Pouco a pouco, \u00e0 medida que as duras verdades das vidas de todos v\u00e3o sendo reveladas, Amber tem de enfrentar o facto de o chocolate n\u00e3o curar tudo e, por vezes, fugir n\u00e3o \u00e9 op\u00e7\u00e3o\u2026<\/p>\n","protected":false},"featured_media":6960,"template":"","meta":{"_monsterinsights_skip_tracking":false,"_monsterinsights_sitenote_active":false,"_monsterinsights_sitenote_note":"","_monsterinsights_sitenote_category":0},"product_cat":[105],"product_tag":[],"class_list":{"0":"post-6959","1":"product","2":"type-product","3":"status-publish","4":"has-post-thumbnail","6":"product_cat-romance","7":"pa_book-author-dorothy-koomoson","9":"first","10":"outofstock","11":"shipping-taxable","12":"purchasable","13":"product-type-simple"},"_links":{"self":[{"href":"https:\/\/mabuko.co.mz\/site\/index.php?rest_route=\/wp\/v2\/product\/6959","targetHints":{"allow":["GET"]}}],"collection":[{"href":"https:\/\/mabuko.co.mz\/site\/index.php?rest_route=\/wp\/v2\/product"}],"about":[{"href":"https:\/\/mabuko.co.mz\/site\/index.php?rest_route=\/wp\/v2\/types\/product"}],"wp:featuredmedia":[{"embeddable":true,"href":"https:\/\/mabuko.co.mz\/site\/index.php?rest_route=\/wp\/v2\/media\/6960"}],"wp:attachment":[{"href":"https:\/\/mabuko.co.mz\/site\/index.php?rest_route=%2Fwp%2Fv2%2Fmedia&parent=6959"}],"wp:term":[{"taxonomy":"product_cat","embeddable":true,"href":"https:\/\/mabuko.co.mz\/site\/index.php?rest_route=%2Fwp%2Fv2%2Fproduct_cat&post=6959"},{"taxonomy":"product_tag","embeddable":true,"href":"https:\/\/mabuko.co.mz\/site\/index.php?rest_route=%2Fwp%2Fv2%2Fproduct_tag&post=6959"}],"curies":[{"name":"wp","href":"https:\/\/api.w.org\/{rel}","templated":true}]}}