{"id":6958,"date":"2022-10-26T09:45:11","date_gmt":"2022-10-26T09:45:11","guid":{"rendered":"https:\/\/mabuko.co.mz\/?post_type=product&#038;p=6958"},"modified":"2023-01-10T10:31:33","modified_gmt":"2023-01-10T10:31:33","slug":"cavalo-de-fogo-congo","status":"publish","type":"product","link":"https:\/\/mabuko.co.mz\/site\/?product=cavalo-de-fogo-congo","title":{"rendered":"CAVALO DE FOGO- CONGO"},"content":{"rendered":"<p>Florencia Bonelli<\/p>\n<p>9789720044921<\/p>\n","protected":false},"excerpt":{"rendered":"<div id=\"productPageSectionAboutBook-sinopseTitle\" class=\"right-title\"><strong>SINOPSE<\/strong><\/div>\n<div id=\"productPageSectionAboutBook-sinopse\" class=\"right-text\">\n<p>&nbsp;<\/p>\n<p>A cirurgi\u00e3 pedi\u00e1trica Matilde Mart\u00ednez abandona Paris rumo ao Congo levada por um sonho: aliviar o sofrimento das crian\u00e7as v\u00edtimas da viol\u00eancia e da fome que imperam naquele pa\u00eds africano. No entanto, deixou para tr\u00e1s uma dif\u00edcil hist\u00f3ria de amor que n\u00e3o consegue esquecer.<\/p>\n<p>Por outro lado, o mercen\u00e1rio Eliah Al-Saud chega ao Congo movido por uma ambi\u00e7\u00e3o: apoderar-se de uma mina de coltan, o min\u00e9rio mais cobi\u00e7ado pelos fabricantes de telem\u00f3veis, que lhe render\u00e1 enormes lucros. Mas, acima de tudo, para recuperar Matilde, que considera a raz\u00e3o da sua vida.<\/p>\n<p>Os traumas e segredos que os distanciaram em Paris continuam latentes e, rodeados por um contexto cruel e injusto, a reconcilia\u00e7\u00e3o parece imposs\u00edvel. Mas Matilde e Eliah tentar\u00e3o fazer tudo para que o seu amor triunfe.<\/p>\n<p>Um romance carregado de erotismo que d\u00e1 seguimento \u00e0 hist\u00f3ria de\u00a0<i>Cavalo de Fogo &#8211; Paris<\/i>.<\/p>\n<\/div>\n","protected":false},"featured_media":6956,"template":"","meta":{"_monsterinsights_skip_tracking":false,"_monsterinsights_sitenote_active":false,"_monsterinsights_sitenote_note":"","_monsterinsights_sitenote_category":0},"product_cat":[105],"product_tag":[],"class_list":{"0":"post-6958","1":"product","2":"type-product","3":"status-publish","4":"has-post-thumbnail","6":"product_cat-romance","7":"pa_book-author-florencia-bonelli","9":"first","10":"outofstock","11":"shipping-taxable","12":"purchasable","13":"product-type-simple"},"_links":{"self":[{"href":"https:\/\/mabuko.co.mz\/site\/index.php?rest_route=\/wp\/v2\/product\/6958","targetHints":{"allow":["GET"]}}],"collection":[{"href":"https:\/\/mabuko.co.mz\/site\/index.php?rest_route=\/wp\/v2\/product"}],"about":[{"href":"https:\/\/mabuko.co.mz\/site\/index.php?rest_route=\/wp\/v2\/types\/product"}],"wp:featuredmedia":[{"embeddable":true,"href":"https:\/\/mabuko.co.mz\/site\/index.php?rest_route=\/wp\/v2\/media\/6956"}],"wp:attachment":[{"href":"https:\/\/mabuko.co.mz\/site\/index.php?rest_route=%2Fwp%2Fv2%2Fmedia&parent=6958"}],"wp:term":[{"taxonomy":"product_cat","embeddable":true,"href":"https:\/\/mabuko.co.mz\/site\/index.php?rest_route=%2Fwp%2Fv2%2Fproduct_cat&post=6958"},{"taxonomy":"product_tag","embeddable":true,"href":"https:\/\/mabuko.co.mz\/site\/index.php?rest_route=%2Fwp%2Fv2%2Fproduct_tag&post=6958"}],"curies":[{"name":"wp","href":"https:\/\/api.w.org\/{rel}","templated":true}]}}