{"id":6955,"date":"2022-10-26T09:38:57","date_gmt":"2022-10-26T09:38:57","guid":{"rendered":"https:\/\/mabuko.co.mz\/?post_type=product&#038;p=6955"},"modified":"2023-01-10T10:33:29","modified_gmt":"2023-01-10T10:33:29","slug":"cavalo-de-fogo-gaza","status":"publish","type":"product","link":"https:\/\/mabuko.co.mz\/site\/?product=cavalo-de-fogo-gaza","title":{"rendered":"CAVALO DE FOGO- GAZA"},"content":{"rendered":"<p>Florencia Bonelli<\/p>\n<p>9789720044938<\/p>\n","protected":false},"excerpt":{"rendered":"<p><b>SINOPSE<\/b><\/p>\n<p>Matilde e Eliah voltam a separar-se. No Congo, as esperan\u00e7as de uma vida em conjunto desvaneceram-se ao ritmo dos ci\u00fames e das circunst\u00e2ncias hostis.<\/p>\n<p>Matilde, cirurgi\u00e3 pedi\u00e1trica, refugia-se na sua paix\u00e3o: o trabalho humanit\u00e1rio que leva a cabo para a organiza\u00e7\u00e3o M\u00e3os Que Curam. O seu novo destino \u00e9 a Faixa de Gaza, o territ\u00f3rio mais densamente povoado do mundo, onde a prioridade di\u00e1ria \u00e9 a sobreviv\u00eancia. Eliah, por seu lado, obriga-se a esquecer Matilde e a p\u00f4r fim \u00e0 obsess\u00e3o que o prende a ela.<\/p>\n<p>Estar\u00e1 esta enorme paix\u00e3o condenada a perecer nas ru\u00ednas de um mundo, tamb\u00e9m ele, em risco? Ou ser\u00e3o o amor, uma for\u00e7a mais poderosa do que todo o mal que os rodeia, e a vontade de ficarem juntos, contra tudo e contra todos, suficientes para unir Eliah e Matilde para sempre?<\/p>\n<p>Uma soberba conclus\u00e3o da hist\u00f3ria iniciada com\u00a0<i>Cavalo de Fogo &#8211; Paris<\/i>\u00a0e continuada em\u00a0<i>Cavalo de Fogo &#8211; Congo<\/i>.<\/p>\n<p>&nbsp;<\/p>\n","protected":false},"featured_media":6957,"template":"","meta":{"_monsterinsights_skip_tracking":false,"_monsterinsights_sitenote_active":false,"_monsterinsights_sitenote_note":"","_monsterinsights_sitenote_category":0},"product_cat":[105],"product_tag":[],"class_list":{"0":"post-6955","1":"product","2":"type-product","3":"status-publish","4":"has-post-thumbnail","6":"product_cat-romance","7":"pa_book-author-florencia-bonelli","9":"first","10":"outofstock","11":"shipping-taxable","12":"purchasable","13":"product-type-simple"},"_links":{"self":[{"href":"https:\/\/mabuko.co.mz\/site\/index.php?rest_route=\/wp\/v2\/product\/6955","targetHints":{"allow":["GET"]}}],"collection":[{"href":"https:\/\/mabuko.co.mz\/site\/index.php?rest_route=\/wp\/v2\/product"}],"about":[{"href":"https:\/\/mabuko.co.mz\/site\/index.php?rest_route=\/wp\/v2\/types\/product"}],"wp:featuredmedia":[{"embeddable":true,"href":"https:\/\/mabuko.co.mz\/site\/index.php?rest_route=\/wp\/v2\/media\/6957"}],"wp:attachment":[{"href":"https:\/\/mabuko.co.mz\/site\/index.php?rest_route=%2Fwp%2Fv2%2Fmedia&parent=6955"}],"wp:term":[{"taxonomy":"product_cat","embeddable":true,"href":"https:\/\/mabuko.co.mz\/site\/index.php?rest_route=%2Fwp%2Fv2%2Fproduct_cat&post=6955"},{"taxonomy":"product_tag","embeddable":true,"href":"https:\/\/mabuko.co.mz\/site\/index.php?rest_route=%2Fwp%2Fv2%2Fproduct_tag&post=6955"}],"curies":[{"name":"wp","href":"https:\/\/api.w.org\/{rel}","templated":true}]}}