{"id":6953,"date":"2022-10-26T09:28:06","date_gmt":"2022-10-26T09:28:06","guid":{"rendered":"https:\/\/mabuko.co.mz\/?post_type=product&#038;p=6953"},"modified":"2022-12-15T11:10:17","modified_gmt":"2022-12-15T11:10:17","slug":"80-dias-a-cor-do-desejo","status":"publish","type":"product","link":"https:\/\/mabuko.co.mz\/site\/?product=80-dias-a-cor-do-desejo","title":{"rendered":"80 DIAS A COR DO DESEJO"},"content":{"rendered":"<p>Vina Jackson<\/p>\n<p>9789897450006<\/p>\n","protected":false},"excerpt":{"rendered":"<div id=\"productPageSectionAboutBook-sinopseTitle\" class=\"right-title\"><strong>SINOPSE<\/strong><\/div>\n<div id=\"productPageSectionAboutBook-sinopse\" class=\"right-text\">\n<p>Uma hist\u00f3ria de amor ousada e sedutora<\/p>\n<p>Summer Zahova \u00e9 uma violinista ardente e impetuosa, que vive uma rela\u00e7\u00e3o frustrante com um homem que n\u00e3o a compreende. \u00c9 na m\u00fasica que encontra a sua liberta\u00e7\u00e3o. Ela passa as tardes nas esta\u00e7\u00f5es de metro de Londres a tocar violino, perdida nas partituras de Vivaldi e Mendelsshon. Um dia o seu violino sofre um acidente irrepar\u00e1vel e Summer recebe uma proposta inesperada de Dominik, professor universit\u00e1rio, um homem atormentado por desejos inconfess\u00e1veis que ficou fascinado por Summer quando a ouviu tocar. Dominik oferecer-lhe-\u00e1 um novo violino na condi\u00e7\u00e3o de ela tocar para ele em privado.<br \/>\nIncapazes de reprimir a forte atra\u00e7\u00e3o que sentem, Dominik e Summer embarcam numa aventura intensa e ousada. Para Summer \u00e9 a oportunidade de se confrontar com o seu lado mais sombrio, no entanto, cedo se apercebe de que o prazer tem um pre\u00e7o elevado. Mas poder\u00e1 uma rela\u00e7\u00e3o nascida de uma tal paix\u00e3o sobreviver?<\/p>\n<p>Este primeiro volume da s\u00e9rie\u00a080 DIAS, de Vina Jackson, \u00e9 um romance irresist\u00edvel e um deleite para os sentidos.<\/p>\n<\/div>\n","protected":false},"featured_media":6954,"template":"","meta":{"_monsterinsights_skip_tracking":false,"_monsterinsights_sitenote_active":false,"_monsterinsights_sitenote_note":"","_monsterinsights_sitenote_category":0},"product_cat":[105],"product_tag":[],"class_list":{"0":"post-6953","1":"product","2":"type-product","3":"status-publish","4":"has-post-thumbnail","6":"product_cat-romance","7":"pa_book-author-vina-jackson","9":"first","10":"outofstock","11":"shipping-taxable","12":"purchasable","13":"product-type-simple"},"_links":{"self":[{"href":"https:\/\/mabuko.co.mz\/site\/index.php?rest_route=\/wp\/v2\/product\/6953","targetHints":{"allow":["GET"]}}],"collection":[{"href":"https:\/\/mabuko.co.mz\/site\/index.php?rest_route=\/wp\/v2\/product"}],"about":[{"href":"https:\/\/mabuko.co.mz\/site\/index.php?rest_route=\/wp\/v2\/types\/product"}],"wp:featuredmedia":[{"embeddable":true,"href":"https:\/\/mabuko.co.mz\/site\/index.php?rest_route=\/wp\/v2\/media\/6954"}],"wp:attachment":[{"href":"https:\/\/mabuko.co.mz\/site\/index.php?rest_route=%2Fwp%2Fv2%2Fmedia&parent=6953"}],"wp:term":[{"taxonomy":"product_cat","embeddable":true,"href":"https:\/\/mabuko.co.mz\/site\/index.php?rest_route=%2Fwp%2Fv2%2Fproduct_cat&post=6953"},{"taxonomy":"product_tag","embeddable":true,"href":"https:\/\/mabuko.co.mz\/site\/index.php?rest_route=%2Fwp%2Fv2%2Fproduct_tag&post=6953"}],"curies":[{"name":"wp","href":"https:\/\/api.w.org\/{rel}","templated":true}]}}