{"id":6613,"date":"2022-10-07T14:49:47","date_gmt":"2022-10-07T14:49:47","guid":{"rendered":"https:\/\/mabuko.co.mz\/?post_type=product&#038;p=6613"},"modified":"2023-01-10T11:25:23","modified_gmt":"2023-01-10T11:25:23","slug":"a-lingua-portuguesa-em-mudanca","status":"publish","type":"product","link":"https:\/\/mabuko.co.mz\/site\/?product=a-lingua-portuguesa-em-mudanca","title":{"rendered":"A L\u00cdNGUA PORTUGUESA EM MUDAN\u00c7A"},"content":{"rendered":"<p>Fernanda Bacelar do Nascimento<\/p>\n<p>Maria Helena Mira Mateus<\/p>\n<p>9789722117241<\/p>\n","protected":false},"excerpt":{"rendered":"<p><strong>SINOPSE<\/strong><\/p>\n<p>Este livro cont\u00e9m os resultados de um trabalho de investiga\u00e7\u00e3o sobre o discurso que se produz, em Portugal, nos meios de comunica\u00e7\u00e3o social r\u00e1dio, televis\u00e3o e imprensa. Pelo facto de a linguagem utilizada nestes meios de comunica\u00e7\u00e3o ser muitas vezes tomada como modelo de refer\u00eancia, \u00e9 natural que ela condicione ou incentive certas tend\u00eancias lingu\u00edsticas, sobretudo ao n\u00edvel do vocabul\u00e1rio usado. Na realidade, de acordo com alguns levantamentos estat\u00edsticos sobre n\u00edveis de audi\u00eancia em Portugal, existem programas de televis\u00e3o que chegam a ter cerca de quatro milh\u00f5es e meio de telespectadores. Por essa raz\u00e3o, e como est\u00e3o em permanente contacto com uma parte muito significativa dos falantes, os meios de comunica\u00e7\u00e3o social s\u00e3o vistos frequentemente como o principal ve\u00edculo de difus\u00e3o da l\u00edngua-padr\u00e3o.<\/p>\n<p>Os estudos agora apresentados caracterizam aspectos lingu\u00edsticos da fala quotidiana, como a ocorr\u00eancia de palavras novas, a comunica\u00e7\u00e3o de frases consideradas incorrectas mas que se estabeleceram j\u00e1 na l\u00edngua falada, ou a utiliza\u00e7\u00e3o, com m\u00faltiplas fun\u00e7\u00f5es gramaticais, de uma palavra como \u2018portanto\u2019. As an\u00e1lises foram realizadas sobre um <em>corpus <\/em>constitu\u00eddo por grava\u00e7\u00f5es de r\u00e1dio (RDP, TSF e R\u00e1dio Renascen\u00e7a), da televis\u00e3o (SIC, RTP1 e RTP2) e da imprensa (<em>Di\u00e1rio de Not\u00edcias, Expresso e P\u00fablico)<\/em>.<\/p>\n","protected":false},"featured_media":6614,"template":"","meta":{"_monsterinsights_skip_tracking":false,"_monsterinsights_sitenote_active":false,"_monsterinsights_sitenote_note":"","_monsterinsights_sitenote_category":0},"product_cat":[102],"product_tag":[],"class_list":{"0":"post-6613","1":"product","2":"type-product","3":"status-publish","4":"has-post-thumbnail","6":"product_cat-livros-tecnicos","7":"pa_book-author-fernanda-bacelar-do-nascimento","8":"pa_book-author-maria-helena-mira-mateus","10":"first","11":"outofstock","12":"shipping-taxable","13":"purchasable","14":"product-type-simple"},"_links":{"self":[{"href":"https:\/\/mabuko.co.mz\/site\/index.php?rest_route=\/wp\/v2\/product\/6613","targetHints":{"allow":["GET"]}}],"collection":[{"href":"https:\/\/mabuko.co.mz\/site\/index.php?rest_route=\/wp\/v2\/product"}],"about":[{"href":"https:\/\/mabuko.co.mz\/site\/index.php?rest_route=\/wp\/v2\/types\/product"}],"wp:featuredmedia":[{"embeddable":true,"href":"https:\/\/mabuko.co.mz\/site\/index.php?rest_route=\/wp\/v2\/media\/6614"}],"wp:attachment":[{"href":"https:\/\/mabuko.co.mz\/site\/index.php?rest_route=%2Fwp%2Fv2%2Fmedia&parent=6613"}],"wp:term":[{"taxonomy":"product_cat","embeddable":true,"href":"https:\/\/mabuko.co.mz\/site\/index.php?rest_route=%2Fwp%2Fv2%2Fproduct_cat&post=6613"},{"taxonomy":"product_tag","embeddable":true,"href":"https:\/\/mabuko.co.mz\/site\/index.php?rest_route=%2Fwp%2Fv2%2Fproduct_tag&post=6613"}],"curies":[{"name":"wp","href":"https:\/\/api.w.org\/{rel}","templated":true}]}}