{"id":6590,"date":"2022-10-03T14:27:41","date_gmt":"2022-10-03T14:27:41","guid":{"rendered":"https:\/\/mabuko.co.mz\/?post_type=product&#038;p=6590"},"modified":"2023-01-09T14:14:18","modified_gmt":"2023-01-09T14:14:18","slug":"nampula-antologia-de-his-es-torias-de-uma-cidade-vibrante","status":"publish","type":"product","link":"https:\/\/mabuko.co.mz\/site\/?product=nampula-antologia-de-his-es-torias-de-uma-cidade-vibrante","title":{"rendered":"NAMPULA: ANTOLOGIA DE HIS-ES-T\u00d3RIAS DE UMA CIDADE VIBRANTE"},"content":{"rendered":"<p>Jessemusse Cacinda<\/p>\n<p>9789898918192<\/p>\n","protected":false},"excerpt":{"rendered":"<p><strong>SINOPSE<\/strong><\/p>\n<p>Nampula \u00e9 uma cidade marcante para todo aquele que a visita. Sendo a maior cidade do norte de Mo\u00e7ambique, suas caracter\u00edsticas , modos de produ\u00e7\u00e3o social e constru\u00e7\u00f5es identit\u00e1rias s\u00e3o peculiares e merecem constar nas pautas art\u00edsticas.<\/p>\n<p>Este livro \u00e9, por um lado, uma celebra\u00e7\u00e3o escrita de uma cidade que merece entrar para o roteiro da literatura mo\u00e7ambicana e, por outro lado, uma apresenta\u00e7\u00e3o do trabalho criativo de seus autores que h\u00e1 muito clamam por uma exposi\u00e7\u00e3o no sistema liter\u00e1rio nacional.<\/p>\n","protected":false},"featured_media":6592,"template":"","meta":{"_monsterinsights_skip_tracking":false,"_monsterinsights_sitenote_active":false,"_monsterinsights_sitenote_note":"","_monsterinsights_sitenote_category":0},"product_cat":[103],"product_tag":[],"class_list":{"0":"post-6590","1":"product","2":"type-product","3":"status-publish","4":"has-post-thumbnail","6":"product_cat-literatura","7":"pa_book-author-jessemusse-cacinda","9":"first","10":"outofstock","11":"shipping-taxable","12":"purchasable","13":"product-type-simple"},"_links":{"self":[{"href":"https:\/\/mabuko.co.mz\/site\/index.php?rest_route=\/wp\/v2\/product\/6590","targetHints":{"allow":["GET"]}}],"collection":[{"href":"https:\/\/mabuko.co.mz\/site\/index.php?rest_route=\/wp\/v2\/product"}],"about":[{"href":"https:\/\/mabuko.co.mz\/site\/index.php?rest_route=\/wp\/v2\/types\/product"}],"wp:featuredmedia":[{"embeddable":true,"href":"https:\/\/mabuko.co.mz\/site\/index.php?rest_route=\/wp\/v2\/media\/6592"}],"wp:attachment":[{"href":"https:\/\/mabuko.co.mz\/site\/index.php?rest_route=%2Fwp%2Fv2%2Fmedia&parent=6590"}],"wp:term":[{"taxonomy":"product_cat","embeddable":true,"href":"https:\/\/mabuko.co.mz\/site\/index.php?rest_route=%2Fwp%2Fv2%2Fproduct_cat&post=6590"},{"taxonomy":"product_tag","embeddable":true,"href":"https:\/\/mabuko.co.mz\/site\/index.php?rest_route=%2Fwp%2Fv2%2Fproduct_tag&post=6590"}],"curies":[{"name":"wp","href":"https:\/\/api.w.org\/{rel}","templated":true}]}}