{"id":6573,"date":"2022-10-03T13:00:04","date_gmt":"2022-10-03T13:00:04","guid":{"rendered":"https:\/\/mabuko.co.mz\/?post_type=product&#038;p=6573"},"modified":"2023-01-09T14:38:08","modified_gmt":"2023-01-09T14:38:08","slug":"historia-e-politica-do-ensino-superior-em-mocambique","status":"publish","type":"product","link":"https:\/\/mabuko.co.mz\/site\/?product=historia-e-politica-do-ensino-superior-em-mocambique","title":{"rendered":"HIST\u00d3RIA E POL\u00cdTICA DO ENSINO SUPERIOR EM MO\u00c7AMBIQUE"},"content":{"rendered":"<p>Jamisse Uilson Taimo<\/p>\n<p>9780201379624<\/p>\n","protected":false},"excerpt":{"rendered":"<p><strong>SINOPSE<\/strong><\/p>\n<p>o estudo teve como objectivo compreender o caminho percorrido por Mo\u00e7ambique na constru\u00e7\u00e3o do subsistema de ensino superior desde os tempos da coloniza\u00e7\u00e3o portuguesa at\u00e9 hoje, passando pelo per\u00edodo da independ\u00eancia nacional.<\/p>\n","protected":false},"featured_media":6574,"template":"","meta":{"_monsterinsights_skip_tracking":false,"_monsterinsights_sitenote_active":false,"_monsterinsights_sitenote_note":"","_monsterinsights_sitenote_category":0},"product_cat":[102],"product_tag":[],"class_list":{"0":"post-6573","1":"product","2":"type-product","3":"status-publish","4":"has-post-thumbnail","6":"product_cat-livros-tecnicos","7":"pa_book-author-jamisse-uilson-taimo","9":"first","10":"outofstock","11":"shipping-taxable","12":"purchasable","13":"product-type-simple"},"_links":{"self":[{"href":"https:\/\/mabuko.co.mz\/site\/index.php?rest_route=\/wp\/v2\/product\/6573","targetHints":{"allow":["GET"]}}],"collection":[{"href":"https:\/\/mabuko.co.mz\/site\/index.php?rest_route=\/wp\/v2\/product"}],"about":[{"href":"https:\/\/mabuko.co.mz\/site\/index.php?rest_route=\/wp\/v2\/types\/product"}],"wp:featuredmedia":[{"embeddable":true,"href":"https:\/\/mabuko.co.mz\/site\/index.php?rest_route=\/wp\/v2\/media\/6574"}],"wp:attachment":[{"href":"https:\/\/mabuko.co.mz\/site\/index.php?rest_route=%2Fwp%2Fv2%2Fmedia&parent=6573"}],"wp:term":[{"taxonomy":"product_cat","embeddable":true,"href":"https:\/\/mabuko.co.mz\/site\/index.php?rest_route=%2Fwp%2Fv2%2Fproduct_cat&post=6573"},{"taxonomy":"product_tag","embeddable":true,"href":"https:\/\/mabuko.co.mz\/site\/index.php?rest_route=%2Fwp%2Fv2%2Fproduct_tag&post=6573"}],"curies":[{"name":"wp","href":"https:\/\/api.w.org\/{rel}","templated":true}]}}