{"id":6570,"date":"2022-10-03T12:46:56","date_gmt":"2022-10-03T12:46:56","guid":{"rendered":"https:\/\/mabuko.co.mz\/?post_type=product&#038;p=6570"},"modified":"2023-01-10T09:21:54","modified_gmt":"2023-01-10T09:21:54","slug":"separados-de-fresco-dicas-infaliveis-para-uma-relacao-falhada","status":"publish","type":"product","link":"https:\/\/mabuko.co.mz\/site\/?product=separados-de-fresco-dicas-infaliveis-para-uma-relacao-falhada","title":{"rendered":"SEPARADOS DE FRESCO &#8211; DICAS INFAL\u00cdVEIS PARA UMA RELA\u00c7\u00c3O FALHADA"},"content":{"rendered":"<p>Ana Garcia Martins<\/p>\n<p>David Cristina<\/p>\n<p>9789896663346<\/p>\n","protected":false},"excerpt":{"rendered":"<p><strong>SINOPSE<\/strong><\/p>\n<p align=\"justify\">&#8220;Porque h\u00e1 vida depois do div\u00f3rcio. Mas \u00e9 uma merda. Em Portugal, 70% dos casamentos acabam em div\u00f3rcio.<\/p>\n<p align=\"justify\">Portanto, se est\u00e1 a come\u00e7ar uma rela\u00e7\u00e3o, ou a pensar casar, compre este livro, para n\u00e3o lhe acontecer o mesmo que aos autores. Ana Garcia Martins e David Cristina separaram-se recentemente.<\/p>\n<p align=\"justify\">N\u00e3o um do outro, porque estavam casados com outras pessoas, mas terminaram os respectivos casamentos e, num exerc\u00edcio cat\u00e1rtico (mas tamb\u00e9m por dinheiro, claro), criaram um podcast para falarem sobre todas as causas e consequ\u00eancias das separa\u00e7\u00f5es e dos div\u00f3rcios.<\/p>\n<p align=\"justify\">O \u00eaxito foi tal, que chegou a n\u00famero 1 em Portugal e deu origem a espet\u00e1culos ao vivo. Agora, surge em formato livro, misturando na perfei\u00e7\u00e3o seriedade e humor. No fundo, trata-se de uma esp\u00e9cie de livro de autoajuda, mas bom. E \u00fatil. E divertido.<\/p>\n<p align=\"justify\">A dificuldade da decis\u00e3o, os medos e as expectativas, a dor e a depress\u00e3o, os filhos, os amigos, a fam\u00edlia e, claro, quest\u00f5es t\u00e3o importantes como o regresso ao mercado ou a psicoterapia s\u00e3o abordados nestas p\u00e1ginas.<\/p>\n<p align=\"justify\">Ana Garcia Martins e David Cristina contam o que viveram, na expectativa de que isso possa servir de conforto a quem l\u00ea. Nunca de inspira\u00e7\u00e3o. Ali\u00e1s, os autores garantem que, se os leitores fizerem tudo como eles fizeram, s\u00f3 ser\u00e3o bem-sucedidos na arte de alcan\u00e7ar a separa\u00e7\u00e3o.<\/p>\n<p align=\"justify\">Mas n\u00e3o se preocupe. H\u00e1 vida depois do div\u00f3rcio. S\u00f3 que \u00e9 uma merda.&#8221;<\/p>\n","protected":false},"featured_media":6572,"template":"","meta":{"_monsterinsights_skip_tracking":false,"_monsterinsights_sitenote_active":false,"_monsterinsights_sitenote_note":"","_monsterinsights_sitenote_category":0},"product_cat":[103],"product_tag":[],"class_list":{"0":"post-6570","1":"product","2":"type-product","3":"status-publish","4":"has-post-thumbnail","6":"product_cat-literatura","7":"pa_book-author-ana-garcia-martins","8":"pa_book-author-david-cristina","10":"first","11":"outofstock","12":"shipping-taxable","13":"purchasable","14":"product-type-simple"},"_links":{"self":[{"href":"https:\/\/mabuko.co.mz\/site\/index.php?rest_route=\/wp\/v2\/product\/6570","targetHints":{"allow":["GET"]}}],"collection":[{"href":"https:\/\/mabuko.co.mz\/site\/index.php?rest_route=\/wp\/v2\/product"}],"about":[{"href":"https:\/\/mabuko.co.mz\/site\/index.php?rest_route=\/wp\/v2\/types\/product"}],"wp:featuredmedia":[{"embeddable":true,"href":"https:\/\/mabuko.co.mz\/site\/index.php?rest_route=\/wp\/v2\/media\/6572"}],"wp:attachment":[{"href":"https:\/\/mabuko.co.mz\/site\/index.php?rest_route=%2Fwp%2Fv2%2Fmedia&parent=6570"}],"wp:term":[{"taxonomy":"product_cat","embeddable":true,"href":"https:\/\/mabuko.co.mz\/site\/index.php?rest_route=%2Fwp%2Fv2%2Fproduct_cat&post=6570"},{"taxonomy":"product_tag","embeddable":true,"href":"https:\/\/mabuko.co.mz\/site\/index.php?rest_route=%2Fwp%2Fv2%2Fproduct_tag&post=6570"}],"curies":[{"name":"wp","href":"https:\/\/api.w.org\/{rel}","templated":true}]}}