{"id":6568,"date":"2022-10-03T12:30:08","date_gmt":"2022-10-03T12:30:08","guid":{"rendered":"https:\/\/mabuko.co.mz\/?post_type=product&#038;p=6568"},"modified":"2023-05-19T12:12:55","modified_gmt":"2023-05-19T12:12:55","slug":"orgia-dos-loucos","status":"publish","type":"product","link":"https:\/\/mabuko.co.mz\/site\/?product=orgia-dos-loucos","title":{"rendered":"ORGIA DOS LOUCOS"},"content":{"rendered":"<p>Ungulani Ba Ka Khosa<\/p>\n<p>9789928700209<\/p>\n","protected":false},"excerpt":{"rendered":"<p><strong>SINOPSE<\/strong><\/p>\n<p>O presente livro foi publicado pela primeira vez em 1990 em Mo\u00e7ambique. A obra, composta por move contos, tem como plano central a imagem e um pa\u00eds independente, mergulhado na guerra civil e marcado pela escassez, pela pobreza e pelo aviltamento da cultura end\u00f3gena.<\/p>\n<p>cultura end\u00f3gena.<\/p>\n","protected":false},"featured_media":6569,"template":"","meta":{"_monsterinsights_skip_tracking":false,"_monsterinsights_sitenote_active":false,"_monsterinsights_sitenote_note":"","_monsterinsights_sitenote_category":0},"product_cat":[103],"product_tag":[],"class_list":{"0":"post-6568","1":"product","2":"type-product","3":"status-publish","4":"has-post-thumbnail","6":"product_cat-literatura","7":"pa_book-author-ungulani-ba-ka-khosa","9":"first","10":"outofstock","11":"shipping-taxable","12":"purchasable","13":"product-type-simple"},"_links":{"self":[{"href":"https:\/\/mabuko.co.mz\/site\/index.php?rest_route=\/wp\/v2\/product\/6568","targetHints":{"allow":["GET"]}}],"collection":[{"href":"https:\/\/mabuko.co.mz\/site\/index.php?rest_route=\/wp\/v2\/product"}],"about":[{"href":"https:\/\/mabuko.co.mz\/site\/index.php?rest_route=\/wp\/v2\/types\/product"}],"wp:featuredmedia":[{"embeddable":true,"href":"https:\/\/mabuko.co.mz\/site\/index.php?rest_route=\/wp\/v2\/media\/6569"}],"wp:attachment":[{"href":"https:\/\/mabuko.co.mz\/site\/index.php?rest_route=%2Fwp%2Fv2%2Fmedia&parent=6568"}],"wp:term":[{"taxonomy":"product_cat","embeddable":true,"href":"https:\/\/mabuko.co.mz\/site\/index.php?rest_route=%2Fwp%2Fv2%2Fproduct_cat&post=6568"},{"taxonomy":"product_tag","embeddable":true,"href":"https:\/\/mabuko.co.mz\/site\/index.php?rest_route=%2Fwp%2Fv2%2Fproduct_tag&post=6568"}],"curies":[{"name":"wp","href":"https:\/\/api.w.org\/{rel}","templated":true}]}}