{"id":6566,"date":"2022-10-03T12:21:05","date_gmt":"2022-10-03T12:21:05","guid":{"rendered":"https:\/\/mabuko.co.mz\/?post_type=product&#038;p=6566"},"modified":"2023-01-10T09:23:40","modified_gmt":"2023-01-10T09:23:40","slug":"faz-me-ficar-os-mandamentos-do-afonso","status":"publish","type":"product","link":"https:\/\/mabuko.co.mz\/site\/?product=faz-me-ficar-os-mandamentos-do-afonso","title":{"rendered":"FAZ-ME FICAR Os mandamentos do Afonso"},"content":{"rendered":"<p>Afonso Noite-Luar<\/p>\n<p>9789898975058<\/p>\n","protected":false},"excerpt":{"rendered":"<div id=\"productPageSectionAboutBook-sinopseTitle\" class=\"right-title\"><strong>SINOPSE<\/strong><\/div>\n<div id=\"productPageSectionAboutBook-sinopse\" class=\"right-text\">\n<p><i>\u00abN\u00e3o havia volta a dar, tinha de reconquistar a In\u00eas. E desta vez n\u00e3o o iria fazer por ela e muito menos pelo Henrique. Ia faz\u00ea-lo por mim, para me salvar.\u00bb<\/i><\/p>\n<p>Afonso regressa do Brasil, depois de sete meses de aus\u00eancia, e reencontra In\u00eas nos bra\u00e7os do seu rival, Henrique. Confrontado com o ci\u00fame, Afonso percebe que aquilo que o move por In\u00eas \u00e9 muito mais do que ego, \u00e9 amor. Precisa de a reconquistar, mas n\u00e3o ser\u00e1 uma tarefa f\u00e1cil, pois tem Henrique pelo meio. Como se n\u00e3o bastasse, surge um quarto elemento para dificultar a sua miss\u00e3o: Ver\u00f3nica.<\/p>\n<p>Depois do sucesso de Ela Primeiro, o autor sensa\u00e7\u00e3o Afonso Noite-Luar regressa \u00e0 escrita com um livro surpreendente recheado de sexo e com ainda mais mist\u00e9rio e intriga. Nesta nova obra ficamos a saber mais sobre o misterioso e sombrio passado de Afonso, ao qual ele ter\u00e1 de recorrer para se defender, mas a sua salva\u00e7\u00e3o pode ser a sua perdi\u00e7\u00e3o.<\/p>\n<\/div>\n","protected":false},"featured_media":6567,"template":"","meta":{"_monsterinsights_skip_tracking":false,"_monsterinsights_sitenote_active":false,"_monsterinsights_sitenote_note":"","_monsterinsights_sitenote_category":0},"product_cat":[103],"product_tag":[],"class_list":{"0":"post-6566","1":"product","2":"type-product","3":"status-publish","4":"has-post-thumbnail","6":"product_cat-literatura","7":"pa_book-author-afonso-noite-luar","9":"first","10":"outofstock","11":"shipping-taxable","12":"purchasable","13":"product-type-simple"},"_links":{"self":[{"href":"https:\/\/mabuko.co.mz\/site\/index.php?rest_route=\/wp\/v2\/product\/6566","targetHints":{"allow":["GET"]}}],"collection":[{"href":"https:\/\/mabuko.co.mz\/site\/index.php?rest_route=\/wp\/v2\/product"}],"about":[{"href":"https:\/\/mabuko.co.mz\/site\/index.php?rest_route=\/wp\/v2\/types\/product"}],"wp:featuredmedia":[{"embeddable":true,"href":"https:\/\/mabuko.co.mz\/site\/index.php?rest_route=\/wp\/v2\/media\/6567"}],"wp:attachment":[{"href":"https:\/\/mabuko.co.mz\/site\/index.php?rest_route=%2Fwp%2Fv2%2Fmedia&parent=6566"}],"wp:term":[{"taxonomy":"product_cat","embeddable":true,"href":"https:\/\/mabuko.co.mz\/site\/index.php?rest_route=%2Fwp%2Fv2%2Fproduct_cat&post=6566"},{"taxonomy":"product_tag","embeddable":true,"href":"https:\/\/mabuko.co.mz\/site\/index.php?rest_route=%2Fwp%2Fv2%2Fproduct_tag&post=6566"}],"curies":[{"name":"wp","href":"https:\/\/api.w.org\/{rel}","templated":true}]}}