{"id":6564,"date":"2022-10-03T12:14:01","date_gmt":"2022-10-03T12:14:01","guid":{"rendered":"https:\/\/mabuko.co.mz\/?post_type=product&#038;p=6564"},"modified":"2023-01-10T09:26:04","modified_gmt":"2023-01-10T09:26:04","slug":"deixa-acontecer-os-mandamentos-do-afonso","status":"publish","type":"product","link":"https:\/\/mabuko.co.mz\/site\/?product=deixa-acontecer-os-mandamentos-do-afonso","title":{"rendered":"DEIXA ACONTECER Os mandamentos do Afonso"},"content":{"rendered":"<p>Afonso Noite-Luar<\/p>\n<p>&nbsp;<\/p>\n","protected":false},"excerpt":{"rendered":"<div id=\"productPageSectionAboutBook-sinopseTitle\" class=\"right-title\"><strong>SINOPSE<\/strong><\/div>\n<div id=\"productPageSectionAboutBook-sinopse\" class=\"right-text\">\n<p>Quando nada o fazia prever, Mafalda est\u00e1 de volta. O regresso inesperado da ex-namorada atira Afonso para o seu lado mais obscuro. Sufocado pelos fantasmas do passado e consumido pelos seus medos, Afonso \u00e9 obrigado a tomar a decis\u00e3o mais dif\u00edcil de todas: afastar-se de In\u00eas. Afinal, \u00abnada menos que tudo\u00bb \u00e9 um dos seus princ\u00edpios. Se n\u00e3o pode estar por inteiro ao lado de In\u00eas, ent\u00e3o n\u00e3o pode estar com ela.<\/p>\n<p>S\u00f3 que In\u00eas n\u00e3o est\u00e1 disposta a desistir. Apesar das incertezas e dos receios que a atormentam, ela n\u00e3o pode deix\u00e1-lo partir sem tentar, por uma vez que seja, faz\u00ea-lo ficar &#8211; nem que, para isso, tenha de recorrer aos mandamentos do pr\u00f3prio Afonso.<\/p>\n<p>Depois dos sucessos de\u00a0<i>Ela Primeiro<\/i>\u00a0e\u00a0<i>Faz-me Ficar<\/i>, Afonso Noite-Luar regressa com a terceira e \u00faltima parte da hist\u00f3ria, misteriosa e sensual, de Afonso e In\u00eas. O livro no qual todas as quest\u00f5es ser\u00e3o respondidas. Ou ser\u00e1 que n\u00e3o?<\/p>\n<\/div>\n","protected":false},"featured_media":6565,"template":"","meta":{"_monsterinsights_skip_tracking":false,"_monsterinsights_sitenote_active":false,"_monsterinsights_sitenote_note":"","_monsterinsights_sitenote_category":0},"product_cat":[103],"product_tag":[],"class_list":{"0":"post-6564","1":"product","2":"type-product","3":"status-publish","4":"has-post-thumbnail","6":"product_cat-literatura","7":"pa_book-author-afonso-noite-luar","9":"first","10":"outofstock","11":"shipping-taxable","12":"purchasable","13":"product-type-simple"},"_links":{"self":[{"href":"https:\/\/mabuko.co.mz\/site\/index.php?rest_route=\/wp\/v2\/product\/6564","targetHints":{"allow":["GET"]}}],"collection":[{"href":"https:\/\/mabuko.co.mz\/site\/index.php?rest_route=\/wp\/v2\/product"}],"about":[{"href":"https:\/\/mabuko.co.mz\/site\/index.php?rest_route=\/wp\/v2\/types\/product"}],"wp:featuredmedia":[{"embeddable":true,"href":"https:\/\/mabuko.co.mz\/site\/index.php?rest_route=\/wp\/v2\/media\/6565"}],"wp:attachment":[{"href":"https:\/\/mabuko.co.mz\/site\/index.php?rest_route=%2Fwp%2Fv2%2Fmedia&parent=6564"}],"wp:term":[{"taxonomy":"product_cat","embeddable":true,"href":"https:\/\/mabuko.co.mz\/site\/index.php?rest_route=%2Fwp%2Fv2%2Fproduct_cat&post=6564"},{"taxonomy":"product_tag","embeddable":true,"href":"https:\/\/mabuko.co.mz\/site\/index.php?rest_route=%2Fwp%2Fv2%2Fproduct_tag&post=6564"}],"curies":[{"name":"wp","href":"https:\/\/api.w.org\/{rel}","templated":true}]}}