{"id":6562,"date":"2022-10-03T12:04:52","date_gmt":"2022-10-03T12:04:52","guid":{"rendered":"https:\/\/mabuko.co.mz\/?post_type=product&#038;p=6562"},"modified":"2023-01-10T09:26:48","modified_gmt":"2023-01-10T09:26:48","slug":"nada-menos-que-tudo","status":"publish","type":"product","link":"https:\/\/mabuko.co.mz\/site\/?product=nada-menos-que-tudo","title":{"rendered":"NADA MENOS QUE TUDO"},"content":{"rendered":"<p>Afonso Noite-Luar<\/p>\n<p>9789898818980<\/p>\n","protected":false},"excerpt":{"rendered":"<div id=\"productPageSectionAboutBook-sinopseTitle\" class=\"right-title\"><strong>SINOPSE<\/strong><\/div>\n<div><\/div>\n<div id=\"productPageSectionAboutBook-sinopse\" class=\"right-text\">\n<p>Neste livro encontras, a cada p\u00e1gina, uma mistura de sensa\u00e7\u00f5es, muito amor e muito sexo.<\/p>\n<p>Estes textos, que escrevi especialmente para ti, v\u00e3o fazer-te sonhar, despertar essa tua vontade e curiosidade adormecida pela rotina, libertar o teu atrevimento natural e fazer-te desejar nada menos que tudo.<\/p>\n<p>No meu universo n\u00e3o h\u00e1 vergonhas, receios, tabus ou lugares proibidos, mas principalmente n\u00e3o h\u00e1 arrependimentos. Tudo \u00e9 poss\u00edvel na minha cama e fora dela. E para isso s\u00f3 precisas de uma coisa: querer.<\/p>\n<p>Pe\u00e7o desculpa, ainda n\u00e3o me apresentei\u2026\u2026sou o Afonso. Prazer.<\/p>\n<\/div>\n","protected":false},"featured_media":6563,"template":"","meta":{"_monsterinsights_skip_tracking":false,"_monsterinsights_sitenote_active":false,"_monsterinsights_sitenote_note":"","_monsterinsights_sitenote_category":0},"product_cat":[103],"product_tag":[],"class_list":{"0":"post-6562","1":"product","2":"type-product","3":"status-publish","4":"has-post-thumbnail","6":"product_cat-literatura","7":"pa_book-author-afonso-noite-luar","9":"first","10":"outofstock","11":"shipping-taxable","12":"purchasable","13":"product-type-simple"},"_links":{"self":[{"href":"https:\/\/mabuko.co.mz\/site\/index.php?rest_route=\/wp\/v2\/product\/6562","targetHints":{"allow":["GET"]}}],"collection":[{"href":"https:\/\/mabuko.co.mz\/site\/index.php?rest_route=\/wp\/v2\/product"}],"about":[{"href":"https:\/\/mabuko.co.mz\/site\/index.php?rest_route=\/wp\/v2\/types\/product"}],"wp:featuredmedia":[{"embeddable":true,"href":"https:\/\/mabuko.co.mz\/site\/index.php?rest_route=\/wp\/v2\/media\/6563"}],"wp:attachment":[{"href":"https:\/\/mabuko.co.mz\/site\/index.php?rest_route=%2Fwp%2Fv2%2Fmedia&parent=6562"}],"wp:term":[{"taxonomy":"product_cat","embeddable":true,"href":"https:\/\/mabuko.co.mz\/site\/index.php?rest_route=%2Fwp%2Fv2%2Fproduct_cat&post=6562"},{"taxonomy":"product_tag","embeddable":true,"href":"https:\/\/mabuko.co.mz\/site\/index.php?rest_route=%2Fwp%2Fv2%2Fproduct_tag&post=6562"}],"curies":[{"name":"wp","href":"https:\/\/api.w.org\/{rel}","templated":true}]}}