{"id":6560,"date":"2022-10-03T11:58:44","date_gmt":"2022-10-03T11:58:44","guid":{"rendered":"https:\/\/mabuko.co.mz\/?post_type=product&#038;p=6560"},"modified":"2023-01-10T09:36:32","modified_gmt":"2023-01-10T09:36:32","slug":"ela-primeiro-os-mandamentos-do-afonso","status":"publish","type":"product","link":"https:\/\/mabuko.co.mz\/site\/?product=ela-primeiro-os-mandamentos-do-afonso","title":{"rendered":"ELA PRIMEIRO Os mandamentos do Afonso"},"content":{"rendered":"<p>Afonso Noite-Luar<\/p>\n<p>9789898871534<\/p>\n","protected":false},"excerpt":{"rendered":"<div id=\"productPageSectionAboutBook-sinopseTitle\" class=\"right-title\"><strong>SINOPSE<\/strong><\/div>\n<div id=\"productPageSectionAboutBook-sinopse\" class=\"right-text\">\n<p>O primeiro livro de uma s\u00e9rie surpreendente que vai deixar-te sem f\u00f4lego<\/p>\n<p>\u00abVais apaixonar-te por mim dentro de um m\u00eas\u00bb. In\u00eas n\u00e3o precisou de tanto tempo para se perder no labirinto sedutor de Afonso e, aquilo que come\u00e7ou por ser um encontro casual no parque, rapidamente se tornou num complexo jogo de sedu\u00e7\u00e3o e sexo.<\/p>\n<p>Com viagem marcada para o Brasil, Afonso tinha duas miss\u00f5es para cumprir antes da sua partida. A primeira era ensinar aos seus alunos os mandamentos da conquista, para que se tornassem Afonsos (homens desenhados \u00e0 sua imagem na arte do prazer). A segunda era libertar In\u00eas das amarras de um passado amargurado, abrindo-lhe as portas para um mundo novo, intenso, sem limites, onde o que importa s\u00e3o os desejos mais profundos, as fantasias sexuais silenciadas, e onde o prazer e o erotismo s\u00e3o as palavras-chave. Uma narrativa empolgante recheada de sexo, intriga e mist\u00e9rio que nos mostra que nem tudo o que parece \u00e9 e que nem sempre dominamos o que somos e sentimos. Afonso esconde um passado sombrio e est\u00e1 marcado a ferro e fogo por uma luta interior entre a luz e a escurid\u00e3o, da qual s\u00f3 o amor o poder\u00e1 salvar.<\/p>\n<p>Depois do sucesso\u00a0<i>Nada Menos Que Tudo<\/i>, Afonso Noite-Luar faz-te um convite irrecus\u00e1vel para entrares no universo obscuro e tentador de Afonso, conheceres os seus truques e os seus desejos, os seus medos e as suas regras. Sendo que a regra mais importante \u00e9 que o prazer da mulher vem sempre em primeiro.<\/p>\n<\/div>\n","protected":false},"featured_media":6644,"template":"","meta":{"_monsterinsights_skip_tracking":false,"_monsterinsights_sitenote_active":false,"_monsterinsights_sitenote_note":"","_monsterinsights_sitenote_category":0},"product_cat":[103],"product_tag":[],"class_list":{"0":"post-6560","1":"product","2":"type-product","3":"status-publish","4":"has-post-thumbnail","6":"product_cat-literatura","7":"pa_book-author-afonso-noite-luar","9":"first","10":"outofstock","11":"shipping-taxable","12":"purchasable","13":"product-type-simple"},"_links":{"self":[{"href":"https:\/\/mabuko.co.mz\/site\/index.php?rest_route=\/wp\/v2\/product\/6560","targetHints":{"allow":["GET"]}}],"collection":[{"href":"https:\/\/mabuko.co.mz\/site\/index.php?rest_route=\/wp\/v2\/product"}],"about":[{"href":"https:\/\/mabuko.co.mz\/site\/index.php?rest_route=\/wp\/v2\/types\/product"}],"wp:featuredmedia":[{"embeddable":true,"href":"https:\/\/mabuko.co.mz\/site\/index.php?rest_route=\/wp\/v2\/media\/6644"}],"wp:attachment":[{"href":"https:\/\/mabuko.co.mz\/site\/index.php?rest_route=%2Fwp%2Fv2%2Fmedia&parent=6560"}],"wp:term":[{"taxonomy":"product_cat","embeddable":true,"href":"https:\/\/mabuko.co.mz\/site\/index.php?rest_route=%2Fwp%2Fv2%2Fproduct_cat&post=6560"},{"taxonomy":"product_tag","embeddable":true,"href":"https:\/\/mabuko.co.mz\/site\/index.php?rest_route=%2Fwp%2Fv2%2Fproduct_tag&post=6560"}],"curies":[{"name":"wp","href":"https:\/\/api.w.org\/{rel}","templated":true}]}}