{"id":6558,"date":"2022-10-03T11:49:10","date_gmt":"2022-10-03T11:49:10","guid":{"rendered":"https:\/\/mabuko.co.mz\/?post_type=product&#038;p=6558"},"modified":"2023-01-10T09:27:53","modified_gmt":"2023-01-10T09:27:53","slug":"sinopse-de-amor-e-guerra","status":"publish","type":"product","link":"https:\/\/mabuko.co.mz\/site\/?product=sinopse-de-amor-e-guerra","title":{"rendered":"SINOPSE DE AMOR E GUERRA"},"content":{"rendered":"<p><a class=\"text-gray-700\" href=\"https:\/\/mabuko.co.mz\/book-author\/afonso-cruz\/\">Afonso Cruz<\/a><\/p>\n<p>9789896658113<\/p>\n","protected":false},"excerpt":{"rendered":"<p><strong>SINOPSE<\/strong><\/p>\n<p>Theobald Thomas e Bluma Janek est\u00e3o fadados a ficar juntos desde que v\u00eam ao mundo. Os livros s\u00e3o o seu ponto de encontro. Mas a Berlim do p\u00f3s-guerra, uma cidade enlutada e dividida, haver\u00e1 de contrariar o que o destino parecia ter escrito.<\/p>\n<p>Numa noite de Agosto, sem aviso, o ch\u00e3o de Berlim \u00e9 rasgado pelos alicerces de um muro o mais famoso da Hist\u00f3ria e a promessa do primeiro beijo fica adiada.<\/p>\n<p>O novo romance de Afonso Cruz parte de uma trama real em que o amor e a guerra se entrela\u00e7am para questionar certos limites, encontrando no fado individual de dois amantes o reflexo de algo universal: o que ser\u00edamos capazes de fazer por paix\u00e3o, que barreiras ultrapassar\u00edamos? Pode o amor saltar muros sem que algu\u00e9m se magoe?<\/p>\n","protected":false},"featured_media":6559,"template":"","meta":{"_monsterinsights_skip_tracking":false,"_monsterinsights_sitenote_active":false,"_monsterinsights_sitenote_note":"","_monsterinsights_sitenote_category":0},"product_cat":[103],"product_tag":[],"class_list":{"0":"post-6558","1":"product","2":"type-product","3":"status-publish","4":"has-post-thumbnail","6":"product_cat-literatura","7":"pa_book-author-afonso-cruz","9":"first","10":"outofstock","11":"shipping-taxable","12":"purchasable","13":"product-type-simple"},"_links":{"self":[{"href":"https:\/\/mabuko.co.mz\/site\/index.php?rest_route=\/wp\/v2\/product\/6558","targetHints":{"allow":["GET"]}}],"collection":[{"href":"https:\/\/mabuko.co.mz\/site\/index.php?rest_route=\/wp\/v2\/product"}],"about":[{"href":"https:\/\/mabuko.co.mz\/site\/index.php?rest_route=\/wp\/v2\/types\/product"}],"wp:featuredmedia":[{"embeddable":true,"href":"https:\/\/mabuko.co.mz\/site\/index.php?rest_route=\/wp\/v2\/media\/6559"}],"wp:attachment":[{"href":"https:\/\/mabuko.co.mz\/site\/index.php?rest_route=%2Fwp%2Fv2%2Fmedia&parent=6558"}],"wp:term":[{"taxonomy":"product_cat","embeddable":true,"href":"https:\/\/mabuko.co.mz\/site\/index.php?rest_route=%2Fwp%2Fv2%2Fproduct_cat&post=6558"},{"taxonomy":"product_tag","embeddable":true,"href":"https:\/\/mabuko.co.mz\/site\/index.php?rest_route=%2Fwp%2Fv2%2Fproduct_tag&post=6558"}],"curies":[{"name":"wp","href":"https:\/\/api.w.org\/{rel}","templated":true}]}}