{"id":6553,"date":"2022-10-03T10:27:49","date_gmt":"2022-10-03T10:27:49","guid":{"rendered":"https:\/\/mabuko.co.mz\/?post_type=product&#038;p=6553"},"modified":"2023-01-10T09:41:53","modified_gmt":"2023-01-10T09:41:53","slug":"ntsai-tchassassa-a-virgem-de-missangas","status":"publish","type":"product","link":"https:\/\/mabuko.co.mz\/site\/?product=ntsai-tchassassa-a-virgem-de-missangas","title":{"rendered":"N\u2019TSAI TCHASSASSA A VIRGEM DE MISSANGAS"},"content":{"rendered":"<p>Carlos Paradona Rufino Roque<\/p>\n<p>9789893307021<\/p>\n","protected":false},"excerpt":{"rendered":"<p><strong>SINOPSE<\/strong><\/p>\n<p>\u201cEstamos perante uma obra que investe na simplicidade duma escrita que se apropria duma forma criativa das especificidades culturais do seu povo. Que ressuscita lendas, ritos e tradi\u00e7\u00f5es.\u201d<\/p>\n<p>&#8230; as virgens e donnzelas dessas regi\u00f5es gabarolavam de seus sexos impregnados de \u00f3leo de r\u00edcino e seus ventres tatuados de feiti\u00e7o&#8230;<\/p>\n<p>&#8230; a N\u2019tsai Virate despediu-se e deitou-se de barriga para cima, oferecendo-se para ser atada pelos bra\u00e7os e p\u00e9s, de modo a que os defuntos buscassem nela, durante a noite, o seu sexo e prazer.<\/p>\n<p>O aludido saltou para um lado j\u00e1 ejaculado, surpreendido, com o s\u00e9men a gotejar por entre as pernas.<\/p>\n<p>Os defuntos traziam \u00e0 sua presen\u00e7a uma ou duas ou tr\u00eas outras almas agrilhoadas, que n\u00e3o apresentavam qualquer rosto.<\/p>\n","protected":false},"featured_media":6555,"template":"","meta":{"_monsterinsights_skip_tracking":false,"_monsterinsights_sitenote_active":false,"_monsterinsights_sitenote_note":"","_monsterinsights_sitenote_category":0},"product_cat":[103],"product_tag":[],"class_list":{"0":"post-6553","1":"product","2":"type-product","3":"status-publish","4":"has-post-thumbnail","6":"product_cat-literatura","7":"pa_book-author-carlos-paradona-rufino-roque","9":"first","10":"outofstock","11":"shipping-taxable","12":"purchasable","13":"product-type-simple"},"_links":{"self":[{"href":"https:\/\/mabuko.co.mz\/site\/index.php?rest_route=\/wp\/v2\/product\/6553","targetHints":{"allow":["GET"]}}],"collection":[{"href":"https:\/\/mabuko.co.mz\/site\/index.php?rest_route=\/wp\/v2\/product"}],"about":[{"href":"https:\/\/mabuko.co.mz\/site\/index.php?rest_route=\/wp\/v2\/types\/product"}],"wp:featuredmedia":[{"embeddable":true,"href":"https:\/\/mabuko.co.mz\/site\/index.php?rest_route=\/wp\/v2\/media\/6555"}],"wp:attachment":[{"href":"https:\/\/mabuko.co.mz\/site\/index.php?rest_route=%2Fwp%2Fv2%2Fmedia&parent=6553"}],"wp:term":[{"taxonomy":"product_cat","embeddable":true,"href":"https:\/\/mabuko.co.mz\/site\/index.php?rest_route=%2Fwp%2Fv2%2Fproduct_cat&post=6553"},{"taxonomy":"product_tag","embeddable":true,"href":"https:\/\/mabuko.co.mz\/site\/index.php?rest_route=%2Fwp%2Fv2%2Fproduct_tag&post=6553"}],"curies":[{"name":"wp","href":"https:\/\/api.w.org\/{rel}","templated":true}]}}