{"id":6549,"date":"2022-10-03T08:45:37","date_gmt":"2022-10-03T08:45:37","guid":{"rendered":"https:\/\/mabuko.co.mz\/?post_type=product&#038;p=6549"},"modified":"2023-01-10T09:43:36","modified_gmt":"2023-01-10T09:43:36","slug":"noite-vertical-poemas-reunidos-1979-2021","status":"publish","type":"product","link":"https:\/\/mabuko.co.mz\/site\/?product=noite-vertical-poemas-reunidos-1979-2021","title":{"rendered":"NOITE VERTICAL: POEMAS REUNIDOS 1979-2021"},"content":{"rendered":"<p>Zetho Cunha Gon\u00e7alves<\/p>\n<p>&nbsp;<\/p>\n","protected":false},"excerpt":{"rendered":"<p><strong>SINOPSE<\/strong><\/p>\n<p>Esta obra re\u00fane quarenta e dois anos de poemas de Zetho Cunha Gon\u00e7alves, e dois livros in\u00e9ditos: \u00abExorcismos para ler em voz alta\u00bb e \u00abRio sem margem: Poesia da tradi\u00e7\u00e3o oral. Livro III\u00bb.<\/p>\n","protected":false},"featured_media":6550,"template":"","meta":{"_monsterinsights_skip_tracking":false,"_monsterinsights_sitenote_active":false,"_monsterinsights_sitenote_note":"","_monsterinsights_sitenote_category":0},"product_cat":[170],"product_tag":[],"class_list":{"0":"post-6549","1":"product","2":"type-product","3":"status-publish","4":"has-post-thumbnail","6":"product_cat-poesia","7":"pa_book-author-zetho-cunha-goncalves","9":"first","10":"outofstock","11":"shipping-taxable","12":"purchasable","13":"product-type-simple"},"_links":{"self":[{"href":"https:\/\/mabuko.co.mz\/site\/index.php?rest_route=\/wp\/v2\/product\/6549","targetHints":{"allow":["GET"]}}],"collection":[{"href":"https:\/\/mabuko.co.mz\/site\/index.php?rest_route=\/wp\/v2\/product"}],"about":[{"href":"https:\/\/mabuko.co.mz\/site\/index.php?rest_route=\/wp\/v2\/types\/product"}],"wp:featuredmedia":[{"embeddable":true,"href":"https:\/\/mabuko.co.mz\/site\/index.php?rest_route=\/wp\/v2\/media\/6550"}],"wp:attachment":[{"href":"https:\/\/mabuko.co.mz\/site\/index.php?rest_route=%2Fwp%2Fv2%2Fmedia&parent=6549"}],"wp:term":[{"taxonomy":"product_cat","embeddable":true,"href":"https:\/\/mabuko.co.mz\/site\/index.php?rest_route=%2Fwp%2Fv2%2Fproduct_cat&post=6549"},{"taxonomy":"product_tag","embeddable":true,"href":"https:\/\/mabuko.co.mz\/site\/index.php?rest_route=%2Fwp%2Fv2%2Fproduct_tag&post=6549"}],"curies":[{"name":"wp","href":"https:\/\/api.w.org\/{rel}","templated":true}]}}