{"id":6534,"date":"2022-09-30T14:39:53","date_gmt":"2022-09-30T14:39:53","guid":{"rendered":"https:\/\/mabuko.co.mz\/?post_type=product&#038;p=6534"},"modified":"2023-01-09T13:36:55","modified_gmt":"2023-01-09T13:36:55","slug":"metodologias-probabilidades-e-estatisticas-nas-ciencias-experimentais","status":"publish","type":"product","link":"https:\/\/mabuko.co.mz\/site\/?product=metodologias-probabilidades-e-estatisticas-nas-ciencias-experimentais","title":{"rendered":"METODOLOGIAS  Probabilidades e estat\u00edsticas nas ci\u00eancias experimentais"},"content":{"rendered":"<p>Marc Duquet<\/p>\n<p>9789720354013<\/p>\n","protected":false},"excerpt":{"rendered":"<p><strong>SINOPSE<\/strong><\/p>\n<p align=\"justify\">Com 449 termos apresentados por ordem alfab\u00e9tica, aborda os conjuntos funcionais (biosfera, etc.), os factores ecol\u00f3gicos (bi\u00f3ticos e abi\u00f3ticos), as respostas adaptativas das esp\u00e9cies a estes factores, as caracter\u00edsticas das popula\u00e7\u00f5es animais e vegetais, o funcionamento dos povoamentos e das cadeias alimentares e a evolu\u00e7\u00e3o dos ecossistemas.<\/p>\n<p style=\"text-align: justify;\"><span style=\"text-align: left;\"><b>Colec\u00e7\u00e3o<\/b><\/span><strong style=\"font-size: 1rem; text-align: left;\">\u00a0S\u00edntese<\/strong><\/p>\n<p align=\"justify\">Uma colec\u00e7\u00e3o de bolso para estudantes do ensino superior, professores dos ensinos b\u00e1sico e secund\u00e1rio e autodidatas, constitu\u00edda por um conjunto de s\u00e9ries relativas \u00e0s v\u00e1rias \u00e1reas do saber.<\/p>\n<p align=\"justify\">Obras de s\u00edntese que permitem aos leitores iniciarem-se no assunto e prepararem um exame ou uma entrevista.<\/p>\n","protected":false},"featured_media":6535,"template":"","meta":{"_monsterinsights_skip_tracking":false,"_monsterinsights_sitenote_active":false,"_monsterinsights_sitenote_note":"","_monsterinsights_sitenote_category":0},"product_cat":[102],"product_tag":[],"class_list":{"0":"post-6534","1":"product","2":"type-product","3":"status-publish","4":"has-post-thumbnail","6":"product_cat-livros-tecnicos","7":"pa_book-author-marc-duquet","9":"first","10":"outofstock","11":"shipping-taxable","12":"purchasable","13":"product-type-simple"},"_links":{"self":[{"href":"https:\/\/mabuko.co.mz\/site\/index.php?rest_route=\/wp\/v2\/product\/6534","targetHints":{"allow":["GET"]}}],"collection":[{"href":"https:\/\/mabuko.co.mz\/site\/index.php?rest_route=\/wp\/v2\/product"}],"about":[{"href":"https:\/\/mabuko.co.mz\/site\/index.php?rest_route=\/wp\/v2\/types\/product"}],"wp:featuredmedia":[{"embeddable":true,"href":"https:\/\/mabuko.co.mz\/site\/index.php?rest_route=\/wp\/v2\/media\/6535"}],"wp:attachment":[{"href":"https:\/\/mabuko.co.mz\/site\/index.php?rest_route=%2Fwp%2Fv2%2Fmedia&parent=6534"}],"wp:term":[{"taxonomy":"product_cat","embeddable":true,"href":"https:\/\/mabuko.co.mz\/site\/index.php?rest_route=%2Fwp%2Fv2%2Fproduct_cat&post=6534"},{"taxonomy":"product_tag","embeddable":true,"href":"https:\/\/mabuko.co.mz\/site\/index.php?rest_route=%2Fwp%2Fv2%2Fproduct_tag&post=6534"}],"curies":[{"name":"wp","href":"https:\/\/api.w.org\/{rel}","templated":true}]}}