{"id":6532,"date":"2022-09-30T14:19:44","date_gmt":"2022-09-30T14:19:44","guid":{"rendered":"https:\/\/mabuko.co.mz\/?post_type=product&#038;p=6532"},"modified":"2023-01-09T13:38:18","modified_gmt":"2023-01-09T13:38:18","slug":"familia-escola-uma-relacao-vital","status":"publish","type":"product","link":"https:\/\/mabuko.co.mz\/site\/?product=familia-escola-uma-relacao-vital","title":{"rendered":"FAM\u00cdLIA-ESCOLA UMA RELA\u00c7\u00c3O VITAL"},"content":{"rendered":"<p>Juam Jos\u00e9 Diez<\/p>\n<p>9789720097156<\/p>\n","protected":false},"excerpt":{"rendered":"<p><strong>SINOPSE<\/strong><\/p>\n<p>Uma colec\u00e7\u00e3o a pensar nos pais e educadores verdadeiramente preocupados e entregues \u00e0s grandes interroga\u00e7\u00f5es face \u00e0s constantes d\u00favidas e problemas com que se deparam diariamente, perante o imenso desafio que \u00e9 educar, valorizando o que \u00e9 sentir, viver, enfrentar e querer ser pais e educadores.<br \/>\nFam\u00edlia-Escola, uma rela\u00e7\u00e3o vital visa sensibilizar para a import\u00e2ncia de uma rela\u00e7\u00e3o saud\u00e1vel entre a fam\u00edlia e a escola, umas vezes deteriorada por factores involunt\u00e1rios e alheios, outras por neglig\u00eancia e desaten\u00e7\u00e3o pr\u00f3prias.<\/p>\n","protected":false},"featured_media":6533,"template":"","meta":{"_monsterinsights_skip_tracking":false,"_monsterinsights_sitenote_active":false,"_monsterinsights_sitenote_note":"","_monsterinsights_sitenote_category":0},"product_cat":[102],"product_tag":[],"class_list":{"0":"post-6532","1":"product","2":"type-product","3":"status-publish","4":"has-post-thumbnail","6":"product_cat-livros-tecnicos","7":"pa_book-author-juam-jose-diez","9":"first","10":"outofstock","11":"shipping-taxable","12":"purchasable","13":"product-type-simple"},"_links":{"self":[{"href":"https:\/\/mabuko.co.mz\/site\/index.php?rest_route=\/wp\/v2\/product\/6532","targetHints":{"allow":["GET"]}}],"collection":[{"href":"https:\/\/mabuko.co.mz\/site\/index.php?rest_route=\/wp\/v2\/product"}],"about":[{"href":"https:\/\/mabuko.co.mz\/site\/index.php?rest_route=\/wp\/v2\/types\/product"}],"wp:featuredmedia":[{"embeddable":true,"href":"https:\/\/mabuko.co.mz\/site\/index.php?rest_route=\/wp\/v2\/media\/6533"}],"wp:attachment":[{"href":"https:\/\/mabuko.co.mz\/site\/index.php?rest_route=%2Fwp%2Fv2%2Fmedia&parent=6532"}],"wp:term":[{"taxonomy":"product_cat","embeddable":true,"href":"https:\/\/mabuko.co.mz\/site\/index.php?rest_route=%2Fwp%2Fv2%2Fproduct_cat&post=6532"},{"taxonomy":"product_tag","embeddable":true,"href":"https:\/\/mabuko.co.mz\/site\/index.php?rest_route=%2Fwp%2Fv2%2Fproduct_tag&post=6532"}],"curies":[{"name":"wp","href":"https:\/\/api.w.org\/{rel}","templated":true}]}}