{"id":6530,"date":"2022-09-30T13:33:37","date_gmt":"2022-09-30T13:33:37","guid":{"rendered":"https:\/\/mabuko.co.mz\/?post_type=product&#038;p=6530"},"modified":"2023-01-09T13:38:59","modified_gmt":"2023-01-09T13:38:59","slug":"um-rapaz-tranquilo-memorias-imaginadas","status":"publish","type":"product","link":"https:\/\/mabuko.co.mz\/site\/?product=um-rapaz-tranquilo-memorias-imaginadas","title":{"rendered":"UM RAPAZ TRANQUILO Mem\u00f3rias imaginadas"},"content":{"rendered":"<p>\u00c1lvaro Carmo Vaz<\/p>\n<p>9789895425501<\/p>\n","protected":false},"excerpt":{"rendered":"<p><strong>SINOPSE<\/strong><\/p>\n<p>\u201cA quest\u00e3o que verdadeiramente se coloca no universo restrito de que o livro trata \u00e9 uma decis\u00e3o sobre qual, afinal, a principal perten\u00e7a das v\u00e1rias personagens da nossa hist\u00f3ria: se as suas tradi\u00e7\u00f5es e refer\u00eancias culturais, que as empurram para a aventura de um retorno a Portugal; se o projecto de vida e a atrac\u00e7\u00e3o pela nova p\u00e1tria que podem ajudar a formular com o seu contributo&#8230; <em>Um Rapaz Tranquilo <\/em>reconstitui, pela primeira vez entre n\u00f3s, um roteiro que sempre permaneceu subentendido e, corajosamente, tir\u00e1-lo a debate como uma das muitas dimens\u00f5es da nossa pluralidade.\u201d<\/p>\n<p>\u201cLi com enorme prazer este belo e comovente romance, <em>Um Rapaz Tranquilo<\/em>. Est\u00e1 primorosamente escrito e constru\u00eddo, a hist\u00f3ria flui de forma magn\u00edfica e o di\u00e1logo \u00e9 excelente. A massa de informa\u00e7\u00e3o de toda a ordem que ali \u00e9 exibida \u00e9 simplesmente impressionante. \u00c9 um bom documento sobre Mo\u00e7ambique, desde as v\u00e9speras da independ\u00eancia at\u00e9 aos nossos dias. E fica-se para sempre amigo do Pedro e da Guida: duas personagens que nunca mais esquecemos, admiravelmente desenhadas e longamente acompanhadas.\u201d<\/p>\n<p>\u201cH\u00e1 neste livro um rio que corre, um sistema de vasos comunicantes avessos a toda a \u00e9pica, mergulhando nos recessos de uma human\u00edssima circunst\u00e2ncia, do <em>l\u2019air du temps, <\/em>das d\u00favidas, das contradi\u00e7\u00f5es, da disjun\u00e7\u00e3o de percursos, dos amores e dos valores, com uma esp\u00e9cie de lente objectiva \u00e0 John do Passos, <em>inserts <\/em>quase no sentido cinematogr\u00e1fico e documental da factualidade narrada pelos jornais. \u00c1lvaro Carmo Vaz comp\u00f5e um vasto mural, com gente dentro e de carne e osso.\u201d<\/p>\n","protected":false},"featured_media":6531,"template":"","meta":{"_monsterinsights_skip_tracking":false,"_monsterinsights_sitenote_active":false,"_monsterinsights_sitenote_note":"","_monsterinsights_sitenote_category":0},"product_cat":[103],"product_tag":[],"class_list":{"0":"post-6530","1":"product","2":"type-product","3":"status-publish","4":"has-post-thumbnail","6":"product_cat-literatura","7":"pa_book-author-alvaro-carmo-vaz","9":"first","10":"outofstock","11":"shipping-taxable","12":"purchasable","13":"product-type-simple"},"_links":{"self":[{"href":"https:\/\/mabuko.co.mz\/site\/index.php?rest_route=\/wp\/v2\/product\/6530","targetHints":{"allow":["GET"]}}],"collection":[{"href":"https:\/\/mabuko.co.mz\/site\/index.php?rest_route=\/wp\/v2\/product"}],"about":[{"href":"https:\/\/mabuko.co.mz\/site\/index.php?rest_route=\/wp\/v2\/types\/product"}],"wp:featuredmedia":[{"embeddable":true,"href":"https:\/\/mabuko.co.mz\/site\/index.php?rest_route=\/wp\/v2\/media\/6531"}],"wp:attachment":[{"href":"https:\/\/mabuko.co.mz\/site\/index.php?rest_route=%2Fwp%2Fv2%2Fmedia&parent=6530"}],"wp:term":[{"taxonomy":"product_cat","embeddable":true,"href":"https:\/\/mabuko.co.mz\/site\/index.php?rest_route=%2Fwp%2Fv2%2Fproduct_cat&post=6530"},{"taxonomy":"product_tag","embeddable":true,"href":"https:\/\/mabuko.co.mz\/site\/index.php?rest_route=%2Fwp%2Fv2%2Fproduct_tag&post=6530"}],"curies":[{"name":"wp","href":"https:\/\/api.w.org\/{rel}","templated":true}]}}