{"id":6528,"date":"2022-09-30T10:26:14","date_gmt":"2022-09-30T10:26:14","guid":{"rendered":"https:\/\/mabuko.co.mz\/?post_type=product&#038;p=6528"},"modified":"2026-01-27T15:00:21","modified_gmt":"2026-01-27T15:00:21","slug":"ngoma-yethu-o-curandeiro-e-o-novo-testamento","status":"publish","type":"product","link":"https:\/\/mabuko.co.mz\/site\/?product=ngoma-yethu-o-curandeiro-e-o-novo-testamento","title":{"rendered":"NGOMA YETHU O curandeiro e o novo testamento"},"content":{"rendered":"<p>Paulina Chiziane<\/p>\n<p>Mariana Martins<\/p>\n","protected":false},"excerpt":{"rendered":"<p><strong>SINOPSE<\/strong><\/p>\n<p>\u201cDe que modo os diversos sistemas implantados pela domina\u00e7\u00e3o colonial criaram condi\u00e7\u00f5es para a emerg\u00eancia de uma atitude de aut\u00eantica auto-coloniza\u00e7\u00e3o mental por parte do africano que, j\u00e1 independente, continua, por si mesmo, a reproduzir os modelos de que domina\u00e7\u00e3o e de esvaziamento cultural outrora impostos? Eis a grande quest\u00e3o que atravessa o presente livro de Paulina Chiziane e Mariana Martins.\u201d<\/p>\n","protected":false},"featured_media":6529,"template":"","meta":{"_monsterinsights_skip_tracking":false,"_monsterinsights_sitenote_active":false,"_monsterinsights_sitenote_note":"","_monsterinsights_sitenote_category":0},"product_cat":[103],"product_tag":[],"class_list":{"0":"post-6528","1":"product","2":"type-product","3":"status-publish","4":"has-post-thumbnail","6":"product_cat-literatura","7":"pa_book-author-paulina-chiziane","9":"first","10":"outofstock","11":"shipping-taxable","12":"purchasable","13":"product-type-simple"},"_links":{"self":[{"href":"https:\/\/mabuko.co.mz\/site\/index.php?rest_route=\/wp\/v2\/product\/6528","targetHints":{"allow":["GET"]}}],"collection":[{"href":"https:\/\/mabuko.co.mz\/site\/index.php?rest_route=\/wp\/v2\/product"}],"about":[{"href":"https:\/\/mabuko.co.mz\/site\/index.php?rest_route=\/wp\/v2\/types\/product"}],"wp:featuredmedia":[{"embeddable":true,"href":"https:\/\/mabuko.co.mz\/site\/index.php?rest_route=\/wp\/v2\/media\/6529"}],"wp:attachment":[{"href":"https:\/\/mabuko.co.mz\/site\/index.php?rest_route=%2Fwp%2Fv2%2Fmedia&parent=6528"}],"wp:term":[{"taxonomy":"product_cat","embeddable":true,"href":"https:\/\/mabuko.co.mz\/site\/index.php?rest_route=%2Fwp%2Fv2%2Fproduct_cat&post=6528"},{"taxonomy":"product_tag","embeddable":true,"href":"https:\/\/mabuko.co.mz\/site\/index.php?rest_route=%2Fwp%2Fv2%2Fproduct_tag&post=6528"}],"curies":[{"name":"wp","href":"https:\/\/api.w.org\/{rel}","templated":true}]}}