{"id":6525,"date":"2022-09-30T10:03:29","date_gmt":"2022-09-30T10:03:29","guid":{"rendered":"https:\/\/mabuko.co.mz\/?post_type=product&#038;p=6525"},"modified":"2025-06-03T07:59:18","modified_gmt":"2025-06-03T07:59:18","slug":"niketche-uma-historia-de-poligamia","status":"publish","type":"product","link":"https:\/\/mabuko.co.mz\/site\/?product=niketche-uma-historia-de-poligamia","title":{"rendered":"NIKETCHE Uma hist\u00f3ria de poligamia"},"content":{"rendered":"<p>Paulina Chiziane<\/p>\n","protected":false},"excerpt":{"rendered":"<p><strong>SINOPSE<\/strong><\/p>\n<p>Rami, casada h\u00e1 vinte anos com Tony, um alto funcion\u00e1rio da pol\u00edcia, de quem tem v\u00e1rios filhos, descobre que o partilha com v\u00e1rias mulheres, com as quais ele constituiu outras fam\u00edlias. O seu casamento, de \u00abpapel passado\u00bb e alian\u00e7a no dedo, resume-se afinal a um ir\u00f3nico drama de que ela \u00e9 apenas uma das personagens. Numa procura febril, Rami obriga-se a conhecer \u00abas outras\u00bb. O seu marido \u00e9 um pol\u00edgamo! Na via dolorosa que ent\u00e3o come\u00e7a, s\u00e9culos de tradi\u00e7\u00e3o e de costumes, a crueldade da vida e as diferen\u00e7as abissais de cultura entre o norte e o sul da terra que \u00e9 sua, esmagam-na.<\/p>\n<p>E s\u00f3 a sabedoria infinita que o sofrimento provoca lhe vai apontando o rumo num labirinto de emo\u00e7\u00f5es, de revela\u00e7\u00f5es, de contradi\u00e7\u00f5es e perigosas ambiguidades. Poligamia e monogamia, que significado assumem? Cultura, institucionaliza\u00e7\u00e3o, hipocrisia, comodismo, conven\u00e7\u00e3o ou a condi\u00e7\u00e3o natural de se ser humano, no quadro da intelig\u00eancia e dos afectos? Paulina Chiziane estende-nos o fio de Ariadne e guia-nos com o desassombro, a per\u00edcia e a verdade de quem conhece o direito e o avesso da aventura de viver a vida.<\/p>\n<p>Niketche, dan\u00e7a de amor e erotismo, \u00e9 um espelho em que nos vemos e revemos, mas no qual, seguramente, s\u00f3 alguns de n\u00f3s admitir\u00e3o reflectir-se.<\/p>\n","protected":false},"featured_media":9073,"template":"","meta":{"_monsterinsights_skip_tracking":false,"_monsterinsights_sitenote_active":false,"_monsterinsights_sitenote_note":"","_monsterinsights_sitenote_category":0},"product_cat":[319],"product_tag":[],"class_list":{"0":"post-6525","1":"product","2":"type-product","3":"status-publish","4":"has-post-thumbnail","6":"product_cat-literatura-mocambicana","7":"pa_book-author-paulina-chiziane","9":"first","10":"instock","11":"shipping-taxable","12":"purchasable","13":"product-type-simple"},"_links":{"self":[{"href":"https:\/\/mabuko.co.mz\/site\/index.php?rest_route=\/wp\/v2\/product\/6525","targetHints":{"allow":["GET"]}}],"collection":[{"href":"https:\/\/mabuko.co.mz\/site\/index.php?rest_route=\/wp\/v2\/product"}],"about":[{"href":"https:\/\/mabuko.co.mz\/site\/index.php?rest_route=\/wp\/v2\/types\/product"}],"wp:featuredmedia":[{"embeddable":true,"href":"https:\/\/mabuko.co.mz\/site\/index.php?rest_route=\/wp\/v2\/media\/9073"}],"wp:attachment":[{"href":"https:\/\/mabuko.co.mz\/site\/index.php?rest_route=%2Fwp%2Fv2%2Fmedia&parent=6525"}],"wp:term":[{"taxonomy":"product_cat","embeddable":true,"href":"https:\/\/mabuko.co.mz\/site\/index.php?rest_route=%2Fwp%2Fv2%2Fproduct_cat&post=6525"},{"taxonomy":"product_tag","embeddable":true,"href":"https:\/\/mabuko.co.mz\/site\/index.php?rest_route=%2Fwp%2Fv2%2Fproduct_tag&post=6525"}],"curies":[{"name":"wp","href":"https:\/\/api.w.org\/{rel}","templated":true}]}}