{"id":6522,"date":"2022-09-30T09:47:32","date_gmt":"2022-09-30T09:47:32","guid":{"rendered":"https:\/\/mabuko.co.mz\/?post_type=product&#038;p=6522"},"modified":"2023-01-09T13:39:51","modified_gmt":"2023-01-09T13:39:51","slug":"minhas-memorias-uma-peregrinacao-pelo-mundo-belo","status":"publish","type":"product","link":"https:\/\/mabuko.co.mz\/site\/?product=minhas-memorias-uma-peregrinacao-pelo-mundo-belo","title":{"rendered":"MINHAS MEM\u00d3RIAS Uma peregrina\u00e7\u00e3o pelo mundo belo"},"content":{"rendered":"<p>Dinis Sengulane<\/p>\n<p>978989055421<\/p>\n","protected":false},"excerpt":{"rendered":"<p>Dinis Sengulane 978989055421<\/p>\n","protected":false},"featured_media":6523,"template":"","meta":{"_monsterinsights_skip_tracking":false,"_monsterinsights_sitenote_active":false,"_monsterinsights_sitenote_note":"","_monsterinsights_sitenote_category":0},"product_cat":[103],"product_tag":[],"class_list":{"0":"post-6522","1":"product","2":"type-product","3":"status-publish","4":"has-post-thumbnail","6":"product_cat-literatura","7":"pa_book-author-dinis-sengulane","9":"first","10":"outofstock","11":"shipping-taxable","12":"purchasable","13":"product-type-simple"},"_links":{"self":[{"href":"https:\/\/mabuko.co.mz\/site\/index.php?rest_route=\/wp\/v2\/product\/6522","targetHints":{"allow":["GET"]}}],"collection":[{"href":"https:\/\/mabuko.co.mz\/site\/index.php?rest_route=\/wp\/v2\/product"}],"about":[{"href":"https:\/\/mabuko.co.mz\/site\/index.php?rest_route=\/wp\/v2\/types\/product"}],"wp:featuredmedia":[{"embeddable":true,"href":"https:\/\/mabuko.co.mz\/site\/index.php?rest_route=\/wp\/v2\/media\/6523"}],"wp:attachment":[{"href":"https:\/\/mabuko.co.mz\/site\/index.php?rest_route=%2Fwp%2Fv2%2Fmedia&parent=6522"}],"wp:term":[{"taxonomy":"product_cat","embeddable":true,"href":"https:\/\/mabuko.co.mz\/site\/index.php?rest_route=%2Fwp%2Fv2%2Fproduct_cat&post=6522"},{"taxonomy":"product_tag","embeddable":true,"href":"https:\/\/mabuko.co.mz\/site\/index.php?rest_route=%2Fwp%2Fv2%2Fproduct_tag&post=6522"}],"curies":[{"name":"wp","href":"https:\/\/api.w.org\/{rel}","templated":true}]}}