{"id":6489,"date":"2022-09-29T13:28:19","date_gmt":"2022-09-29T13:28:19","guid":{"rendered":"https:\/\/mabuko.co.mz\/?post_type=product&#038;p=6489"},"modified":"2023-01-09T13:44:45","modified_gmt":"2023-01-09T13:44:45","slug":"fundamentos-de-enfermagem-introducao-ao-processo-de-enfermagem","status":"publish","type":"product","link":"https:\/\/mabuko.co.mz\/site\/?product=fundamentos-de-enfermagem-introducao-ao-processo-de-enfermagem","title":{"rendered":"FUNDAMENTOS DE ENFERMAGEM: INTRODU\u00c7\u00c3O AO PROCESSO DE ENFERMAGEM"},"content":{"rendered":"<p>Mary Ellen Murray<\/p>\n<p>9788522603282<\/p>\n","protected":false},"excerpt":{"rendered":"<p><strong>SINOPSE<\/strong><\/p>\n<div class=\"sinopse selected\">\n<p id=\"lblSinopse\">A obra focaliza os m\u00e9todos, estrat\u00e9gias e processos actuais de que o estudante pode fazer uso, visando planear e prestar cuidados de Enfermagem. Uma vez que os estudantes contempor\u00e2neos actuam em ambientes din\u00e2micos, que rapidamente se modificam, este texto concentra sua \u00eanfase sobre t\u00e9cnicas de auto-avalia\u00e7\u00e3o, comunica\u00e7\u00e3o, mudan\u00e7as, solu\u00e7\u00e3o de problemas, ensino-aprendizado, e sobre o processo e desenvolvimento. O livro traz os seguintes t\u00f3picos &#8211; O Processo Evolutivo na Enfermagem &#8211; Esta unidade descreve o estado actual da enfermagem, ao mesmo tempo em que sumariza e antev\u00ea o futuro. Sa\u00fade, doen\u00e7a, enfermidade, necessidades humanas b\u00e1sicas, \u00e9tica, solu\u00e7\u00e3o de problemas, e mudan\u00e7as s\u00e3o os conceitos discutidos e relacionados \u00e0 enfermagem. Apresenta-se ainda a regulamenta\u00e7\u00e3o legal da pr\u00e1tica da enfermagem. O exerc\u00edcio incorrecto da profiss\u00e3o, os direitos dos pacientes, os dilemas \u00e9tico-legais e a documenta\u00e7\u00e3o s\u00e3o discutidos detalhadamente; O Processo de Comunica\u00e7\u00e3o &#8211; O processo de comunica\u00e7\u00e3o \u00e9 apresentado em diferentes \u00e2mbitos; individual, grupal, profissional e tecnol\u00f3gico. Introduz-se o conceito da consci\u00eancia, baseado na auto-avalia\u00e7\u00e3o, conceito este que \u00e9 trabalhado ao longo de todo o livro; O Processo de Desenvolvimento &#8211; O crescimento e o desenvolvimento &#8211; da concep\u00e7\u00e3o ao \u00f3bito &#8211; s\u00e3o apresentados, no contexto estrutural das necessidades humanas b\u00e1sicas, em cada um dos 10 est\u00e1gios do desenvolvimento. S\u00e3o identificados os problemas de sa\u00fade mais comuns, bem como suas implica\u00e7\u00f5es em termos dos cuidados de enfermagem. O processo de crescimento e desenvolvimento \u00e9 estendido ao n\u00edvel familiar, sendo introduzido o conceito do cuidado de enfermagem centralizado na fam\u00edlia; O Processo de Enfermagem &#8211; O processo de enfermagem \u00e9 apresentado como uma abordagem fundamental do papel da enfermeira. Os planos de cuidados s\u00e3o discutidos como uma aplica\u00e7\u00e3o do processo de lidar com o paciente, aparecendo em todos os cap\u00edtulos seguintes, a fim de ilustrar a ac\u00e7\u00e3o da enfermeira no que diz respeito \u00e0s necessidades humanas b\u00e1sicas; O Processo de Controle Ambiental &#8211; Explica as interven\u00e7\u00f5es da enfermagem no sentido de estabelecer e manter um ambiente seguro, tanto do ponto de vista qu\u00edmico quanto biol\u00f3gico. S\u00e3o inclu\u00eddas nesta discuss\u00e3o t\u00e9cnicas de enfermagem relacionadas \u00e0 assepsia cl\u00ednica e cir\u00fargica. A administra\u00e7\u00e3o de medicamentos \u00e9 apresentada como uma forma de seguran\u00e7a qu\u00edmica. Cada necessidade humana \u00e9 discutida, e explicam-se os meios normais para a satisfa\u00e7\u00e3o de tais necessidades. Incluem-se aqui tamb\u00e9m as eventuais altera\u00e7\u00f5es nas necessidades, ou na capacidade do paciente de satisfaz\u00ea-las. Em cada cap\u00edtulo, enfatiza-se as avalia\u00e7\u00f5es e interven\u00e7\u00f5es relacionadas \u00e0 satisfa\u00e7\u00e3o das necessidades do indiv\u00edduo, ilustrando tais processos com um plano de cuidados. Cada cap\u00edtulo inclui uma sec\u00e7\u00e3o de auto-avalia\u00e7\u00e3o, relacionada ao tema espec\u00edfico do mesmo.<\/p>\n<\/div>\n","protected":false},"featured_media":6490,"template":"","meta":{"_monsterinsights_skip_tracking":false,"_monsterinsights_sitenote_active":false,"_monsterinsights_sitenote_note":"","_monsterinsights_sitenote_category":0},"product_cat":[102],"product_tag":[],"class_list":{"0":"post-6489","1":"product","2":"type-product","3":"status-publish","4":"has-post-thumbnail","6":"product_cat-livros-tecnicos","7":"pa_book-author-mary-ellen-murray","9":"first","10":"outofstock","11":"shipping-taxable","12":"purchasable","13":"product-type-simple"},"_links":{"self":[{"href":"https:\/\/mabuko.co.mz\/site\/index.php?rest_route=\/wp\/v2\/product\/6489","targetHints":{"allow":["GET"]}}],"collection":[{"href":"https:\/\/mabuko.co.mz\/site\/index.php?rest_route=\/wp\/v2\/product"}],"about":[{"href":"https:\/\/mabuko.co.mz\/site\/index.php?rest_route=\/wp\/v2\/types\/product"}],"wp:featuredmedia":[{"embeddable":true,"href":"https:\/\/mabuko.co.mz\/site\/index.php?rest_route=\/wp\/v2\/media\/6490"}],"wp:attachment":[{"href":"https:\/\/mabuko.co.mz\/site\/index.php?rest_route=%2Fwp%2Fv2%2Fmedia&parent=6489"}],"wp:term":[{"taxonomy":"product_cat","embeddable":true,"href":"https:\/\/mabuko.co.mz\/site\/index.php?rest_route=%2Fwp%2Fv2%2Fproduct_cat&post=6489"},{"taxonomy":"product_tag","embeddable":true,"href":"https:\/\/mabuko.co.mz\/site\/index.php?rest_route=%2Fwp%2Fv2%2Fproduct_tag&post=6489"}],"curies":[{"name":"wp","href":"https:\/\/api.w.org\/{rel}","templated":true}]}}