{"id":6485,"date":"2022-09-29T13:01:08","date_gmt":"2022-09-29T13:01:08","guid":{"rendered":"https:\/\/mabuko.co.mz\/?post_type=product&#038;p=6485"},"modified":"2023-01-09T13:45:41","modified_gmt":"2023-01-09T13:45:41","slug":"controle-essencial","status":"publish","type":"product","link":"https:\/\/mabuko.co.mz\/site\/?product=controle-essencial","title":{"rendered":"CONTROLE ESSENCIAL"},"content":{"rendered":"<p>Paulo Alvaro Maya<\/p>\n<p>9788576057000<\/p>\n","protected":false},"excerpt":{"rendered":"<p><strong>SINOPSE<\/strong><\/p>\n<p>\u00b4Controle essencial\u00b4 \u00e9 uma obra sobre sistemas de controle e traz ao leitor uma forma de estudar sistemas com realimenta\u00e7\u00e3o. Entre os assuntos abordados na obra est\u00e3o &#8211; Modelagem de sistemas; Sistemas LIT (lineares invariantes no tempo) e sua estabilidade; Diagramas de Nyquist; Diagramas do Lugar das Ra\u00edzes; Sistemas de tempo discreto; Controlabilidade e observabilidade, realimenta\u00e7\u00e3o de estados e projectos de controladores e observadores.<\/p>\n","protected":false},"featured_media":6486,"template":"","meta":{"_monsterinsights_skip_tracking":false,"_monsterinsights_sitenote_active":false,"_monsterinsights_sitenote_note":"","_monsterinsights_sitenote_category":0},"product_cat":[102],"product_tag":[],"class_list":{"0":"post-6485","1":"product","2":"type-product","3":"status-publish","4":"has-post-thumbnail","6":"product_cat-livros-tecnicos","7":"pa_book-author-paulo-alvaro-maya","9":"first","10":"outofstock","11":"shipping-taxable","12":"purchasable","13":"product-type-simple"},"_links":{"self":[{"href":"https:\/\/mabuko.co.mz\/site\/index.php?rest_route=\/wp\/v2\/product\/6485","targetHints":{"allow":["GET"]}}],"collection":[{"href":"https:\/\/mabuko.co.mz\/site\/index.php?rest_route=\/wp\/v2\/product"}],"about":[{"href":"https:\/\/mabuko.co.mz\/site\/index.php?rest_route=\/wp\/v2\/types\/product"}],"wp:featuredmedia":[{"embeddable":true,"href":"https:\/\/mabuko.co.mz\/site\/index.php?rest_route=\/wp\/v2\/media\/6486"}],"wp:attachment":[{"href":"https:\/\/mabuko.co.mz\/site\/index.php?rest_route=%2Fwp%2Fv2%2Fmedia&parent=6485"}],"wp:term":[{"taxonomy":"product_cat","embeddable":true,"href":"https:\/\/mabuko.co.mz\/site\/index.php?rest_route=%2Fwp%2Fv2%2Fproduct_cat&post=6485"},{"taxonomy":"product_tag","embeddable":true,"href":"https:\/\/mabuko.co.mz\/site\/index.php?rest_route=%2Fwp%2Fv2%2Fproduct_tag&post=6485"}],"curies":[{"name":"wp","href":"https:\/\/api.w.org\/{rel}","templated":true}]}}