{"id":6479,"date":"2022-09-28T15:04:12","date_gmt":"2022-09-28T15:04:12","guid":{"rendered":"https:\/\/mabuko.co.mz\/?post_type=product&#038;p=6479"},"modified":"2023-01-09T13:46:44","modified_gmt":"2023-01-09T13:46:44","slug":"biomecanica","status":"publish","type":"product","link":"https:\/\/mabuko.co.mz\/site\/?product=biomecanica","title":{"rendered":"BIOMEC\u00c2NICA"},"content":{"rendered":"<p>Sergio Mario Duarte<\/p>\n<p>9788560842100<\/p>\n","protected":false},"excerpt":{"rendered":"<p><strong>SINOPSE<\/strong><\/p>\n<p>O tratamento ortod\u00f4ntico das maloclus\u00f5es da Classe II, divis\u00e3o 1\u00aa, apresenta um dos principais desafios que n\u00f3s como Ortodontistas podemos encontrar, principalmente por causa dos v\u00e1rios tipos extremos que n\u00f3s presenciamos. Enquanto muitas maloclus\u00f5es da Classe II, divis\u00e3o 1\u00aa apresentam-se em \u201cfaces boas\u201d, aquelas com dire\u00e7\u00e3o de crescimento mandibular satisfat\u00f3ria, muitas outras apresentam uma variedade de problemas especiais.Quase todas as maloclus\u00f5es, em especial aquelas da Classe II, divis\u00e3o 1\u00aa, t\u00eam a arcada superior muito atr\u00e9sica, com rota\u00e7\u00e3o dos molares para mesial e os incisivos protru\u00eddos ou severamente apinhados. A arcada inferior est\u00e1, com mais frequ\u00eancia, restringida pelo arco superior estreito. Este problema \u00e9 frequentemente um reflexo da disfun\u00e7\u00e3o das vias a\u00e9reas e da respira\u00e7\u00e3o, com associa\u00e7\u00e3o da fun\u00e7\u00e3o e postura da l\u00edngua, a qual adiciona um desafio para o diagn\u00f3stico e o tratamento. Outras maloclus\u00f5es da Classe II, divis\u00e3o 1\u00aa apresentam uma protrus\u00e3o severa da maxila que pode requerer aplica\u00e7\u00e3o de for\u00e7as ortop\u00e9dicas para a sua correc\u00e7\u00e3o por interm\u00e9dio do aparelho extraoral. Um desafio ainda maior para o diagn\u00f3stico e tratamento \u00e9 o tipo facial com um padr\u00e3o de crescimento mais vertical e retrogn\u00e1tico, frequentemente apresentando-se com uma tend\u00eancia para uma mordida aberta anterior.Por causa da diversidade extrema destes tipos faciais, maloclus\u00f5es, fun\u00e7\u00f5es e crescimento, \u00e9 importante identificar estes factores no caso individual e projectar um tratamento que seja espec\u00edfico ao indiv\u00edduo em particular. Os procedimentos de diagn\u00f3stico e tratamento do Dr. Mario Sergio Duarte consideram estas varia\u00e7\u00f5es extremas e as necessidades de cada caso. Ele apresenta os procedimentos biomec\u00e2nicos do tratamento que demonstram o controle vertical posterior e a curva de Spee, que s\u00e3o vitais para conseguir uma oclus\u00e3o apropriada e est\u00e1vel.Os efeitos adversos de uma corre\u00e7\u00e3o ortop\u00e9dica, tais como interfer\u00eancias dos incisivos e rota\u00e7\u00e3o mandibular, s\u00e3o elementos cr\u00edticos que necessitam ser controlados. Os arcos utilidade do Dr. Duarte, que controlam as posi\u00e7\u00f5es do molar e do incisivo, atendem a essas necessidades. A sua terapia com arcos seccionais oferece op\u00e7\u00f5es adicionais para o tratamento do paciente adulto e em casos de tratamento precoce. Suas interven\u00e7\u00f5es cir\u00fargicas s\u00e3o projectadas para beneficiar aqueles tipos faciais extremos. Os procedimentos mec\u00e2nicos do Dr. Duarte, que controlam a ancoragem molar e os movimentos individuais dos dentes em todos os planos do espa\u00e7o, oferecem um aux\u00edlio especial no tratamento daqueles tipos faciais dif\u00edceis de uma maneira mais conservadora, evitando, assim, procedimentos extracionistas.<\/p>\n","protected":false},"featured_media":6480,"template":"","meta":{"_monsterinsights_skip_tracking":false,"_monsterinsights_sitenote_active":false,"_monsterinsights_sitenote_note":"","_monsterinsights_sitenote_category":0},"product_cat":[102],"product_tag":[],"class_list":{"0":"post-6479","1":"product","2":"type-product","3":"status-publish","4":"has-post-thumbnail","6":"product_cat-livros-tecnicos","7":"pa_book-author-sergio-mario-duarte","9":"first","10":"outofstock","11":"shipping-taxable","12":"purchasable","13":"product-type-simple"},"_links":{"self":[{"href":"https:\/\/mabuko.co.mz\/site\/index.php?rest_route=\/wp\/v2\/product\/6479","targetHints":{"allow":["GET"]}}],"collection":[{"href":"https:\/\/mabuko.co.mz\/site\/index.php?rest_route=\/wp\/v2\/product"}],"about":[{"href":"https:\/\/mabuko.co.mz\/site\/index.php?rest_route=\/wp\/v2\/types\/product"}],"wp:featuredmedia":[{"embeddable":true,"href":"https:\/\/mabuko.co.mz\/site\/index.php?rest_route=\/wp\/v2\/media\/6480"}],"wp:attachment":[{"href":"https:\/\/mabuko.co.mz\/site\/index.php?rest_route=%2Fwp%2Fv2%2Fmedia&parent=6479"}],"wp:term":[{"taxonomy":"product_cat","embeddable":true,"href":"https:\/\/mabuko.co.mz\/site\/index.php?rest_route=%2Fwp%2Fv2%2Fproduct_cat&post=6479"},{"taxonomy":"product_tag","embeddable":true,"href":"https:\/\/mabuko.co.mz\/site\/index.php?rest_route=%2Fwp%2Fv2%2Fproduct_tag&post=6479"}],"curies":[{"name":"wp","href":"https:\/\/api.w.org\/{rel}","templated":true}]}}