{"id":6476,"date":"2022-09-28T14:56:46","date_gmt":"2022-09-28T14:56:46","guid":{"rendered":"https:\/\/mabuko.co.mz\/?post_type=product&#038;p=6476"},"modified":"2023-01-09T13:47:26","modified_gmt":"2023-01-09T13:47:26","slug":"vibracoes-mecanicas","status":"publish","type":"product","link":"https:\/\/mabuko.co.mz\/site\/?product=vibracoes-mecanicas","title":{"rendered":"VIBRA\u00c7\u00d5ES MEC\u00c2NICAS"},"content":{"rendered":"<p>Singiresu Rao<br \/>\n9788576052005<\/p>\n","protected":false},"excerpt":{"rendered":"<p><strong>SINOPSE<\/strong><\/p>\n<p>Esta edi\u00e7\u00e3o de \u00b4Vibra\u00e7\u00f5es mec\u00e2nicas\u00b4 apresenta ao estudante os fundamentos da engenharia de vibra\u00e7\u00f5es no n\u00edvel universit\u00e1rio. A teoria, os aspectos de computa\u00e7\u00e3o e as aplica\u00e7\u00f5es das vibra\u00e7\u00f5es s\u00e3o mostrados, e as t\u00e9cnicas de an\u00e1lise por computador s\u00e3o amplamente abordadas. O livro ainda disp\u00f5e de um grande n\u00famero de exemplos e de problemas para ilustrar os princ\u00edpios e conceitos estudados.<\/p>\n","protected":false},"featured_media":6477,"template":"","meta":{"_monsterinsights_skip_tracking":false,"_monsterinsights_sitenote_active":false,"_monsterinsights_sitenote_note":"","_monsterinsights_sitenote_category":0},"product_cat":[102],"product_tag":[],"class_list":{"0":"post-6476","1":"product","2":"type-product","3":"status-publish","4":"has-post-thumbnail","6":"product_cat-livros-tecnicos","7":"pa_book-author-singiresu-rao","9":"first","10":"outofstock","11":"shipping-taxable","12":"purchasable","13":"product-type-simple"},"_links":{"self":[{"href":"https:\/\/mabuko.co.mz\/site\/index.php?rest_route=\/wp\/v2\/product\/6476","targetHints":{"allow":["GET"]}}],"collection":[{"href":"https:\/\/mabuko.co.mz\/site\/index.php?rest_route=\/wp\/v2\/product"}],"about":[{"href":"https:\/\/mabuko.co.mz\/site\/index.php?rest_route=\/wp\/v2\/types\/product"}],"wp:featuredmedia":[{"embeddable":true,"href":"https:\/\/mabuko.co.mz\/site\/index.php?rest_route=\/wp\/v2\/media\/6477"}],"wp:attachment":[{"href":"https:\/\/mabuko.co.mz\/site\/index.php?rest_route=%2Fwp%2Fv2%2Fmedia&parent=6476"}],"wp:term":[{"taxonomy":"product_cat","embeddable":true,"href":"https:\/\/mabuko.co.mz\/site\/index.php?rest_route=%2Fwp%2Fv2%2Fproduct_cat&post=6476"},{"taxonomy":"product_tag","embeddable":true,"href":"https:\/\/mabuko.co.mz\/site\/index.php?rest_route=%2Fwp%2Fv2%2Fproduct_tag&post=6476"}],"curies":[{"name":"wp","href":"https:\/\/api.w.org\/{rel}","templated":true}]}}