{"id":6474,"date":"2022-09-28T14:53:09","date_gmt":"2022-09-28T14:53:09","guid":{"rendered":"https:\/\/mabuko.co.mz\/?post_type=product&#038;p=6474"},"modified":"2023-01-09T13:48:02","modified_gmt":"2023-01-09T13:48:02","slug":"atlas-fotografico-de-procedimentos-de-enfermagem","status":"publish","type":"product","link":"https:\/\/mabuko.co.mz\/site\/?product=atlas-fotografico-de-procedimentos-de-enfermagem","title":{"rendered":"ATLAS FOTOGR\u00c1FICO DE PROCEDIMENTOS DE ENFERMAGEM"},"content":{"rendered":"<p>Pamela L. Swearingen<\/p>\n<p>9788573076127<\/p>\n","protected":false},"excerpt":{"rendered":"<p><strong>SINOPSE<\/strong><\/p>\n<p>Atlas Fotogr\u00e1fico de Procedimentos de Enfermagem, terceira edi\u00e7\u00e3o, utiliza 1.400 fotografias para demonstrar activamente como realizar com seguran\u00e7a os 325 procedimentos de enfermagem aqui apresentados. A forma did\u00e1ctica do texto auxiliar\u00e1 no desenvolvimento das habilidades exigidas na cl\u00ednica.<\/p>\n","protected":false},"featured_media":6475,"template":"","meta":{"_monsterinsights_skip_tracking":false,"_monsterinsights_sitenote_active":false,"_monsterinsights_sitenote_note":"","_monsterinsights_sitenote_category":0},"product_cat":[102],"product_tag":[],"class_list":{"0":"post-6474","1":"product","2":"type-product","3":"status-publish","4":"has-post-thumbnail","6":"product_cat-livros-tecnicos","7":"pa_book-author-pamela-l-swearingen","9":"first","10":"outofstock","11":"shipping-taxable","12":"purchasable","13":"product-type-simple"},"_links":{"self":[{"href":"https:\/\/mabuko.co.mz\/site\/index.php?rest_route=\/wp\/v2\/product\/6474","targetHints":{"allow":["GET"]}}],"collection":[{"href":"https:\/\/mabuko.co.mz\/site\/index.php?rest_route=\/wp\/v2\/product"}],"about":[{"href":"https:\/\/mabuko.co.mz\/site\/index.php?rest_route=\/wp\/v2\/types\/product"}],"wp:featuredmedia":[{"embeddable":true,"href":"https:\/\/mabuko.co.mz\/site\/index.php?rest_route=\/wp\/v2\/media\/6475"}],"wp:attachment":[{"href":"https:\/\/mabuko.co.mz\/site\/index.php?rest_route=%2Fwp%2Fv2%2Fmedia&parent=6474"}],"wp:term":[{"taxonomy":"product_cat","embeddable":true,"href":"https:\/\/mabuko.co.mz\/site\/index.php?rest_route=%2Fwp%2Fv2%2Fproduct_cat&post=6474"},{"taxonomy":"product_tag","embeddable":true,"href":"https:\/\/mabuko.co.mz\/site\/index.php?rest_route=%2Fwp%2Fv2%2Fproduct_tag&post=6474"}],"curies":[{"name":"wp","href":"https:\/\/api.w.org\/{rel}","templated":true}]}}