{"id":6472,"date":"2022-09-28T14:48:47","date_gmt":"2022-09-28T14:48:47","guid":{"rendered":"https:\/\/mabuko.co.mz\/?post_type=product&#038;p=6472"},"modified":"2023-01-09T13:02:37","modified_gmt":"2023-01-09T13:02:37","slug":"sistemas-distribuidos-principios-e-paradigmas","status":"publish","type":"product","link":"https:\/\/mabuko.co.mz\/site\/?product=sistemas-distribuidos-principios-e-paradigmas","title":{"rendered":"SISTEMAS DISTRIBU\u00cdDOS: PRINC\u00cdPIOS E PARADIGMAS"},"content":{"rendered":"<p>Andrew S. Tanenbaum<\/p>\n<p>9788576051428<\/p>\n","protected":false},"excerpt":{"rendered":"<p><strong>SINOPSE<\/strong><\/p>\n<p>Nesta segunda edi\u00e7\u00e3o, melhorada e actualizada, os autores apresentam os detalhes de funcionamento dos sistemas distribu\u00eddos, bem como as tecnologias subjacentes. Ao separar princ\u00edpios de paradigmas, os autores mostram como os princ\u00edpios se relacionam uns com os outros, discutindo quatro classes diferentes de sistemas distribu\u00eddos, o que permite uma percep\u00e7\u00e3o ainda mais abrangente do conte\u00fado apresentado. Com apresenta\u00e7\u00e3o clara, concisa e atraente e cobertura equilibrada e sistem\u00e1tica de princ\u00edpios, conceitos avan\u00e7ados e tecnologias de sistemas distribu\u00eddos, \u00e9 obra de refer\u00eancia tanto para professores quanto para alunos e profissionais da \u00e1rea.<\/p>\n","protected":false},"featured_media":6473,"template":"","meta":{"_monsterinsights_skip_tracking":false,"_monsterinsights_sitenote_active":false,"_monsterinsights_sitenote_note":"","_monsterinsights_sitenote_category":0},"product_cat":[102],"product_tag":[],"class_list":{"0":"post-6472","1":"product","2":"type-product","3":"status-publish","4":"has-post-thumbnail","6":"product_cat-livros-tecnicos","7":"pa_book-author-andrew-s-tanenbaum","9":"first","10":"outofstock","11":"shipping-taxable","12":"purchasable","13":"product-type-simple"},"_links":{"self":[{"href":"https:\/\/mabuko.co.mz\/site\/index.php?rest_route=\/wp\/v2\/product\/6472","targetHints":{"allow":["GET"]}}],"collection":[{"href":"https:\/\/mabuko.co.mz\/site\/index.php?rest_route=\/wp\/v2\/product"}],"about":[{"href":"https:\/\/mabuko.co.mz\/site\/index.php?rest_route=\/wp\/v2\/types\/product"}],"wp:featuredmedia":[{"embeddable":true,"href":"https:\/\/mabuko.co.mz\/site\/index.php?rest_route=\/wp\/v2\/media\/6473"}],"wp:attachment":[{"href":"https:\/\/mabuko.co.mz\/site\/index.php?rest_route=%2Fwp%2Fv2%2Fmedia&parent=6472"}],"wp:term":[{"taxonomy":"product_cat","embeddable":true,"href":"https:\/\/mabuko.co.mz\/site\/index.php?rest_route=%2Fwp%2Fv2%2Fproduct_cat&post=6472"},{"taxonomy":"product_tag","embeddable":true,"href":"https:\/\/mabuko.co.mz\/site\/index.php?rest_route=%2Fwp%2Fv2%2Fproduct_tag&post=6472"}],"curies":[{"name":"wp","href":"https:\/\/api.w.org\/{rel}","templated":true}]}}