{"id":6470,"date":"2022-09-28T14:41:52","date_gmt":"2022-09-28T14:41:52","guid":{"rendered":"https:\/\/mabuko.co.mz\/?post_type=product&#038;p=6470"},"modified":"2023-01-09T13:03:19","modified_gmt":"2023-01-09T13:03:19","slug":"estatica-mecanica-para-engenharia","status":"publish","type":"product","link":"https:\/\/mabuko.co.mz\/site\/?product=estatica-mecanica-para-engenharia","title":{"rendered":"EST\u00c1TICA: MEC\u00c2NICA PARA ENGENHARIA"},"content":{"rendered":"<p>R.C Hibbeler<\/p>\n<p>9788587918970<\/p>\n","protected":false},"excerpt":{"rendered":"<p><strong>SINOPSE<\/strong><\/p>\n<p>Desenvolvida para facilitar o ensino e o aprendizado, esta obra de R. C. Hibbeler apresenta em profundidade toda a teoria da est\u00e1tica em engenharia e suas aplica\u00e7\u00f5es. Entre os temas abordados est\u00e3o propriedades de sistemas de for\u00e7as concorrentes, concentradas e distribu\u00eddas, for\u00e7as de atrito, centro de gravidade, centr\u00f3ide, momento de in\u00e9rcia trabalho virtual e energia potencial. Para que o aprendizado seja gradual e seguro, os princ\u00edpios come\u00e7am a ser aplicados a situa\u00e7\u00f5es simples at\u00e9 se chegara situa\u00e7\u00f5es mais complexas. Na maioria desses casos, cada princ\u00edpio \u00e9 aplicado primeiro a um ponto material, depois a um corpo r\u00edgido submetido a um sistema de for\u00e7as coplanares e finalmente a um caso geral de sistema de for\u00e7as tridimensional actuando sobre um corpo r\u00edgido. Buscando-se vincular a teoria \u00e0 experi\u00eancia real, fotografias s\u00e3o utilizadas para a constru\u00e7\u00e3o de exemplos, e os exerc\u00edcios s\u00e3o elaborados com diversos graus de dificuldade.<\/p>\n","protected":false},"featured_media":6471,"template":"","meta":{"_monsterinsights_skip_tracking":false,"_monsterinsights_sitenote_active":false,"_monsterinsights_sitenote_note":"","_monsterinsights_sitenote_category":0},"product_cat":[102],"product_tag":[],"class_list":{"0":"post-6470","1":"product","2":"type-product","3":"status-publish","4":"has-post-thumbnail","6":"product_cat-livros-tecnicos","7":"pa_book-author-r-c-hibbeler","9":"first","10":"outofstock","11":"shipping-taxable","12":"purchasable","13":"product-type-simple"},"_links":{"self":[{"href":"https:\/\/mabuko.co.mz\/site\/index.php?rest_route=\/wp\/v2\/product\/6470","targetHints":{"allow":["GET"]}}],"collection":[{"href":"https:\/\/mabuko.co.mz\/site\/index.php?rest_route=\/wp\/v2\/product"}],"about":[{"href":"https:\/\/mabuko.co.mz\/site\/index.php?rest_route=\/wp\/v2\/types\/product"}],"wp:featuredmedia":[{"embeddable":true,"href":"https:\/\/mabuko.co.mz\/site\/index.php?rest_route=\/wp\/v2\/media\/6471"}],"wp:attachment":[{"href":"https:\/\/mabuko.co.mz\/site\/index.php?rest_route=%2Fwp%2Fv2%2Fmedia&parent=6470"}],"wp:term":[{"taxonomy":"product_cat","embeddable":true,"href":"https:\/\/mabuko.co.mz\/site\/index.php?rest_route=%2Fwp%2Fv2%2Fproduct_cat&post=6470"},{"taxonomy":"product_tag","embeddable":true,"href":"https:\/\/mabuko.co.mz\/site\/index.php?rest_route=%2Fwp%2Fv2%2Fproduct_tag&post=6470"}],"curies":[{"name":"wp","href":"https:\/\/api.w.org\/{rel}","templated":true}]}}