{"id":6457,"date":"2022-09-23T12:26:19","date_gmt":"2022-09-23T12:26:19","guid":{"rendered":"https:\/\/mabuko.co.mz\/?post_type=product&#038;p=6457"},"modified":"2023-01-09T13:09:25","modified_gmt":"2023-01-09T13:09:25","slug":"dicionario-juridico-volume-ii-direito-penal-e-direito-processual-penal","status":"publish","type":"product","link":"https:\/\/mabuko.co.mz\/site\/?product=dicionario-juridico-volume-ii-direito-penal-e-direito-processual-penal","title":{"rendered":"DICION\u00c1RIO JUR\u00cdDICO -Volume II \u2013 Direito Penal e Direito Processual Penal"},"content":{"rendered":"<p>Ana Prata<\/p>\n<p>Carlota Pizarro de Almeida<\/p>\n<p>Catarina Veiga<br \/>\n9789724073583<\/p>\n","protected":false},"excerpt":{"rendered":"<p><strong>SINOPSE<\/strong><\/p>\n<p>Esta 3\u00aa edi\u00e7\u00e3o do II volume do Dicion\u00e1rio Jur\u00eddico dedicado ao Direito Penal e ao Direito Processual Penal, traz ao mercado uma actualiza\u00e7\u00e3o de fundo relativamente \u00e0 anterior edi\u00e7\u00e3o que data j\u00e1 do ano de 2009.<\/p>\n","protected":false},"featured_media":6458,"template":"","meta":{"_monsterinsights_skip_tracking":false,"_monsterinsights_sitenote_active":false,"_monsterinsights_sitenote_note":"","_monsterinsights_sitenote_category":0},"product_cat":[102],"product_tag":[],"class_list":{"0":"post-6457","1":"product","2":"type-product","3":"status-publish","4":"has-post-thumbnail","6":"product_cat-livros-tecnicos","7":"pa_book-author-ana-prata","9":"first","10":"outofstock","11":"shipping-taxable","12":"purchasable","13":"product-type-simple"},"_links":{"self":[{"href":"https:\/\/mabuko.co.mz\/site\/index.php?rest_route=\/wp\/v2\/product\/6457","targetHints":{"allow":["GET"]}}],"collection":[{"href":"https:\/\/mabuko.co.mz\/site\/index.php?rest_route=\/wp\/v2\/product"}],"about":[{"href":"https:\/\/mabuko.co.mz\/site\/index.php?rest_route=\/wp\/v2\/types\/product"}],"wp:featuredmedia":[{"embeddable":true,"href":"https:\/\/mabuko.co.mz\/site\/index.php?rest_route=\/wp\/v2\/media\/6458"}],"wp:attachment":[{"href":"https:\/\/mabuko.co.mz\/site\/index.php?rest_route=%2Fwp%2Fv2%2Fmedia&parent=6457"}],"wp:term":[{"taxonomy":"product_cat","embeddable":true,"href":"https:\/\/mabuko.co.mz\/site\/index.php?rest_route=%2Fwp%2Fv2%2Fproduct_cat&post=6457"},{"taxonomy":"product_tag","embeddable":true,"href":"https:\/\/mabuko.co.mz\/site\/index.php?rest_route=%2Fwp%2Fv2%2Fproduct_tag&post=6457"}],"curies":[{"name":"wp","href":"https:\/\/api.w.org\/{rel}","templated":true}]}}