{"id":6453,"date":"2022-09-23T12:03:51","date_gmt":"2022-09-23T12:03:51","guid":{"rendered":"https:\/\/mabuko.co.mz\/?post_type=product&#038;p=6453"},"modified":"2023-01-09T13:11:03","modified_gmt":"2023-01-09T13:11:03","slug":"literatura-historia-e-politicaliteraturas-de-lingua-portuguesa-no-seculo-xx","status":"publish","type":"product","link":"https:\/\/mabuko.co.mz\/site\/?product=literatura-historia-e-politicaliteraturas-de-lingua-portuguesa-no-seculo-xx","title":{"rendered":"LITERATURA, HIST\u00d3RIA E POL\u00cdTICA:Literaturas de l\u00edngua portuguesa no s\u00e9culo XX"},"content":{"rendered":"<p>Benjamim Abdala Junior<\/p>\n<p>9788574803418<\/p>\n","protected":false},"excerpt":{"rendered":"<p><strong>SINOPSE<\/strong><\/p>\n<p>Mais do que o engajamento do cidad\u00e3o-escritor, este ensaio discute o gesto que veio a configurar-se artisticamente numa forma nova, nas literaturas dos pa\u00edses de l\u00edngua portuguesa. A an\u00e1lise do sentido pol\u00edtico subjacente a essas produ\u00e7\u00f5es da Modernidade levou \u00e0 problematiza\u00e7\u00e3o das rela\u00e7\u00f5es entre arte e engajamento, do poder de linguagem subjacente ao texto em seu circuito comunicativo e das articula\u00e7\u00f5es do campo intelectual nos pa\u00edses de l\u00edngua portuguesa.<\/p>\n","protected":false},"featured_media":6454,"template":"","meta":{"_monsterinsights_skip_tracking":false,"_monsterinsights_sitenote_active":false,"_monsterinsights_sitenote_note":"","_monsterinsights_sitenote_category":0},"product_cat":[102],"product_tag":[],"class_list":{"0":"post-6453","1":"product","2":"type-product","3":"status-publish","4":"has-post-thumbnail","6":"product_cat-livros-tecnicos","7":"pa_book-author-benjamim-abdala-junior","9":"first","10":"outofstock","11":"shipping-taxable","12":"purchasable","13":"product-type-simple"},"_links":{"self":[{"href":"https:\/\/mabuko.co.mz\/site\/index.php?rest_route=\/wp\/v2\/product\/6453","targetHints":{"allow":["GET"]}}],"collection":[{"href":"https:\/\/mabuko.co.mz\/site\/index.php?rest_route=\/wp\/v2\/product"}],"about":[{"href":"https:\/\/mabuko.co.mz\/site\/index.php?rest_route=\/wp\/v2\/types\/product"}],"wp:featuredmedia":[{"embeddable":true,"href":"https:\/\/mabuko.co.mz\/site\/index.php?rest_route=\/wp\/v2\/media\/6454"}],"wp:attachment":[{"href":"https:\/\/mabuko.co.mz\/site\/index.php?rest_route=%2Fwp%2Fv2%2Fmedia&parent=6453"}],"wp:term":[{"taxonomy":"product_cat","embeddable":true,"href":"https:\/\/mabuko.co.mz\/site\/index.php?rest_route=%2Fwp%2Fv2%2Fproduct_cat&post=6453"},{"taxonomy":"product_tag","embeddable":true,"href":"https:\/\/mabuko.co.mz\/site\/index.php?rest_route=%2Fwp%2Fv2%2Fproduct_tag&post=6453"}],"curies":[{"name":"wp","href":"https:\/\/api.w.org\/{rel}","templated":true}]}}