{"id":6451,"date":"2022-09-23T11:46:33","date_gmt":"2022-09-23T11:46:33","guid":{"rendered":"https:\/\/mabuko.co.mz\/?post_type=product&#038;p=6451"},"modified":"2023-01-09T13:12:22","modified_gmt":"2023-01-09T13:12:22","slug":"a-perspectiva-socio-historica-na-formacao-em-psicologia","status":"publish","type":"product","link":"https:\/\/mabuko.co.mz\/site\/?product=a-perspectiva-socio-historica-na-formacao-em-psicologia","title":{"rendered":"A PERSPECTIVA S\u00d3CIO-HIST\u00d3RICA NA FORMA\u00c7\u00c3O EM PSICOLOGIA"},"content":{"rendered":"<p>Ana Merc\u00eas Bahia Bock<\/p>\n<p>9788532628862<\/p>\n","protected":false},"excerpt":{"rendered":"<p><strong>SINOPSE<\/strong><\/p>\n<p>O livro divulga a abordagem s\u00f3cio-hist\u00f3rica como uma perspectiva te\u00f3rica capaz de romper com a dicotomia objectividade\/subjectividade e produzir um saber e um fazer que, ao falar do humano e sua dimens\u00e3o psicol\u00f3gica, fala da realidade social na qual este se insere e que o constitui.<\/p>\n","protected":false},"featured_media":6452,"template":"","meta":{"_monsterinsights_skip_tracking":false,"_monsterinsights_sitenote_active":false,"_monsterinsights_sitenote_note":"","_monsterinsights_sitenote_category":0},"product_cat":[102],"product_tag":[],"class_list":{"0":"post-6451","1":"product","2":"type-product","3":"status-publish","4":"has-post-thumbnail","6":"product_cat-livros-tecnicos","7":"pa_book-author-ana-merces-bahia-bock","9":"first","10":"outofstock","11":"shipping-taxable","12":"purchasable","13":"product-type-simple"},"_links":{"self":[{"href":"https:\/\/mabuko.co.mz\/site\/index.php?rest_route=\/wp\/v2\/product\/6451","targetHints":{"allow":["GET"]}}],"collection":[{"href":"https:\/\/mabuko.co.mz\/site\/index.php?rest_route=\/wp\/v2\/product"}],"about":[{"href":"https:\/\/mabuko.co.mz\/site\/index.php?rest_route=\/wp\/v2\/types\/product"}],"wp:featuredmedia":[{"embeddable":true,"href":"https:\/\/mabuko.co.mz\/site\/index.php?rest_route=\/wp\/v2\/media\/6452"}],"wp:attachment":[{"href":"https:\/\/mabuko.co.mz\/site\/index.php?rest_route=%2Fwp%2Fv2%2Fmedia&parent=6451"}],"wp:term":[{"taxonomy":"product_cat","embeddable":true,"href":"https:\/\/mabuko.co.mz\/site\/index.php?rest_route=%2Fwp%2Fv2%2Fproduct_cat&post=6451"},{"taxonomy":"product_tag","embeddable":true,"href":"https:\/\/mabuko.co.mz\/site\/index.php?rest_route=%2Fwp%2Fv2%2Fproduct_tag&post=6451"}],"curies":[{"name":"wp","href":"https:\/\/api.w.org\/{rel}","templated":true}]}}