{"id":6447,"date":"2022-09-23T10:06:11","date_gmt":"2022-09-23T10:06:11","guid":{"rendered":"https:\/\/mabuko.co.mz\/?post_type=product&#038;p=6447"},"modified":"2023-01-09T13:14:01","modified_gmt":"2023-01-09T13:14:01","slug":"imperio-mito-e-miopia-mocambique-como-invencao-literaria","status":"publish","type":"product","link":"https:\/\/mabuko.co.mz\/site\/?product=imperio-mito-e-miopia-mocambique-como-invencao-literaria","title":{"rendered":"IMP\u00c9RIO, MITO E MIOPIA Mo\u00e7ambique como inven\u00e7\u00e3o liter\u00e1ria"},"content":{"rendered":"<p>Francisco Noa<\/p>\n<p>9788568846094<\/p>\n","protected":false},"excerpt":{"rendered":"<p><strong>SINOPSE<\/strong><\/p>\n<p>Nesse livro, o autor, analisa obras da era colonial mo\u00e7ambicana, representa\u00e7\u00f5es liter\u00e1rias baseadas em estere\u00f3tipos feitos pelos portugueses sobre os africanos e sobre a \u00c1frica, em contraste com a vis\u00e3o da literatura mo\u00e7ambicana, que ir\u00e1 valorizar e dignificar os africanos.<\/p>\n","protected":false},"featured_media":6449,"template":"","meta":{"_monsterinsights_skip_tracking":false,"_monsterinsights_sitenote_active":false,"_monsterinsights_sitenote_note":"","_monsterinsights_sitenote_category":0},"product_cat":[102],"product_tag":[],"class_list":{"0":"post-6447","1":"product","2":"type-product","3":"status-publish","4":"has-post-thumbnail","6":"product_cat-livros-tecnicos","7":"pa_book-author-francisco-noa","9":"first","10":"outofstock","11":"shipping-taxable","12":"purchasable","13":"product-type-simple"},"_links":{"self":[{"href":"https:\/\/mabuko.co.mz\/site\/index.php?rest_route=\/wp\/v2\/product\/6447","targetHints":{"allow":["GET"]}}],"collection":[{"href":"https:\/\/mabuko.co.mz\/site\/index.php?rest_route=\/wp\/v2\/product"}],"about":[{"href":"https:\/\/mabuko.co.mz\/site\/index.php?rest_route=\/wp\/v2\/types\/product"}],"wp:featuredmedia":[{"embeddable":true,"href":"https:\/\/mabuko.co.mz\/site\/index.php?rest_route=\/wp\/v2\/media\/6449"}],"wp:attachment":[{"href":"https:\/\/mabuko.co.mz\/site\/index.php?rest_route=%2Fwp%2Fv2%2Fmedia&parent=6447"}],"wp:term":[{"taxonomy":"product_cat","embeddable":true,"href":"https:\/\/mabuko.co.mz\/site\/index.php?rest_route=%2Fwp%2Fv2%2Fproduct_cat&post=6447"},{"taxonomy":"product_tag","embeddable":true,"href":"https:\/\/mabuko.co.mz\/site\/index.php?rest_route=%2Fwp%2Fv2%2Fproduct_tag&post=6447"}],"curies":[{"name":"wp","href":"https:\/\/api.w.org\/{rel}","templated":true}]}}