{"id":6433,"date":"2022-09-23T09:20:13","date_gmt":"2022-09-23T09:20:13","guid":{"rendered":"https:\/\/mabuko.co.mz\/?post_type=product&#038;p=6433"},"modified":"2023-08-04T08:44:36","modified_gmt":"2023-08-04T08:44:36","slug":"gramatica-moderna-da-lingua-portuguesa","status":"publish","type":"product","link":"https:\/\/mabuko.co.mz\/site\/?product=gramatica-moderna-da-lingua-portuguesa","title":{"rendered":"GRAM\u00c1TICA MODERNA DA L\u00cdNGUA PORTUGUESA"},"content":{"rendered":"<p>Jo\u00e3o Carlos Matos<\/p>\n<p>9789725925775<\/p>\n","protected":false},"excerpt":{"rendered":"<p><strong>SINOPSE<\/strong><\/p>\n<p align=\"justify\">&#8220;Para o conhecimento e aperfei\u00e7oamento dos aspectos fundamentais da estrutura e funcionamento da l\u00edngua.<\/p>\n<p align=\"justify\">\u2022Origem e evolu\u00e7\u00e3o da l\u00edngua portuguesa<br \/>\n\u2022Fon\u00e9tica e fonologia<br \/>\n\u2022Representa\u00e7\u00e3o gr\u00e1fica da l\u00edngua oral<br \/>\n\u2022Morfologia e classes de palavras<br \/>\n\u2022Sintaxe<br \/>\n\u2022Sem\u00e2ntica<br \/>\n\u2022Pragm\u00e1tica e lingu\u00edstica textual<br \/>\n\u2022Ap\u00eandice<\/p>\n<p align=\"justify\">Tendo por base as Orienta\u00e7\u00f5es Curriculares para o Ensino da L\u00edngua Portuguesa, a Terminologia Lingu\u00edstica para os Ensinos B\u00e1sico e Secund\u00e1rio, bem como conceitos de Fon\u00e9tica, Fonologia, Morfologia, Sintaxe, Sem\u00e2ntica e Pragm\u00e1tica abordados ao n\u00edvel do Ensino Superior, esta gram\u00e1tica conduz o utilizador ao aperfei\u00e7oamento e consolida\u00e7\u00e3o do conhecimento expl\u00edcito da L\u00edngua Portuguesa.<\/p>\n<p align=\"justify\">Trata-se de um instrumento de trabalho completo, rigoroso, funcional e apelativo, que apresenta o estudo da l\u00edngua, de forma activa e indutiva, com explica\u00e7\u00f5es simples e exemplos variados, visando um conhecimento abrangente e aperfei\u00e7oado dos aspectos fundamentais da sua estrutura e funcionamento.&#8221;<\/p>\n","protected":false},"featured_media":6434,"template":"","meta":{"_monsterinsights_skip_tracking":false,"_monsterinsights_sitenote_active":false,"_monsterinsights_sitenote_note":"","_monsterinsights_sitenote_category":0},"product_cat":[109],"product_tag":[],"class_list":{"0":"post-6433","1":"product","2":"type-product","3":"status-publish","4":"has-post-thumbnail","6":"product_cat-apoio-escolar","7":"pa_book-author-joao-carlos-matos","9":"first","10":"outofstock","11":"shipping-taxable","12":"purchasable","13":"product-type-simple"},"_links":{"self":[{"href":"https:\/\/mabuko.co.mz\/site\/index.php?rest_route=\/wp\/v2\/product\/6433","targetHints":{"allow":["GET"]}}],"collection":[{"href":"https:\/\/mabuko.co.mz\/site\/index.php?rest_route=\/wp\/v2\/product"}],"about":[{"href":"https:\/\/mabuko.co.mz\/site\/index.php?rest_route=\/wp\/v2\/types\/product"}],"wp:featuredmedia":[{"embeddable":true,"href":"https:\/\/mabuko.co.mz\/site\/index.php?rest_route=\/wp\/v2\/media\/6434"}],"wp:attachment":[{"href":"https:\/\/mabuko.co.mz\/site\/index.php?rest_route=%2Fwp%2Fv2%2Fmedia&parent=6433"}],"wp:term":[{"taxonomy":"product_cat","embeddable":true,"href":"https:\/\/mabuko.co.mz\/site\/index.php?rest_route=%2Fwp%2Fv2%2Fproduct_cat&post=6433"},{"taxonomy":"product_tag","embeddable":true,"href":"https:\/\/mabuko.co.mz\/site\/index.php?rest_route=%2Fwp%2Fv2%2Fproduct_tag&post=6433"}],"curies":[{"name":"wp","href":"https:\/\/api.w.org\/{rel}","templated":true}]}}