{"id":6429,"date":"2022-09-23T08:56:15","date_gmt":"2022-09-23T08:56:15","guid":{"rendered":"https:\/\/mabuko.co.mz\/?post_type=product&#038;p=6429"},"modified":"2023-01-09T13:17:43","modified_gmt":"2023-01-09T13:17:43","slug":"mitos-e-lendas-celtas-da-irlanda","status":"publish","type":"product","link":"https:\/\/mabuko.co.mz\/site\/?product=mitos-e-lendas-celtas-da-irlanda","title":{"rendered":"MITOS E LENDAS CELTAS DA IRLANDA"},"content":{"rendered":"<p>Ang\u00e9lica Varandas<\/p>\n<p>9789725613474<\/p>\n","protected":false},"excerpt":{"rendered":"<p><strong>SINOPSE<\/strong><\/p>\n<div class=\"f-productLayerGrid__col\">\n<div class=\"f-productLayer\">\n<div id=\"b801282e-44f6-4f69-91dc-c1d15fe205c2\" class=\"f-productLayer__body\">\n<div class=\"f-productLayer__container\" data-automation-id=\"EditorOpinionOrSummary-block\">\n<div class=\"js-Expander expander expander--hasIcon collapsed\" data-automation-button=\"expand-EditorOpinionOrSummary-button\" data-automation-content=\"expand-EditorOpinionOrSummary\">\n<div class=\"expander__content\" data-automation-id=\"expand-EditorOpinionOrSummary\" aria-expanded=\"true\">\n<div class=\"f-productDesc\">\n<div class=\"f-productDesc__raw\">\n<p align=\"justify\">O universo dos mitos e lendas celtas da Irlanda antiga foi redescoberto a partir dos finais do s\u00e9culo XIX. Desde ent\u00e3o, muitos s\u00e3o os autores que nele se t\u00eam inspirado para escrever poemas, pe\u00e7as dram\u00e1ticas, romances, contos para crian\u00e7as e jovens, entre outras apropria\u00e7\u00f5es e adapta\u00e7\u00f5es. Neste volume recorremos a fontes que consider\u00e1mos mais fidedignas e que melhor se aproximam das hist\u00f3rias, tal como elas foram contadas, pela primeira vez, atrav\u00e9s dos manuscritos produzidos ao longo da Idade M\u00e9dia.<\/p>\n<p align=\"justify\">Pretendemos, por um lado, fazer jus a todo um conjunto de Hist\u00f3rias que mergulham as suas ra\u00edzes num passado pr\u00e9-crist\u00e3o, em que foram divulgadas por via oral at\u00e9 serem fixadas por escrito, mais tarde, pelos monges que cristianizaram a Irlanda. Por outro lado, acreditamos ser esta a melhor maneira de transmitir aos leitores a atmosfera m\u00e1gico que estes contos invocam e sugerem. Foi, sobretudo, por estas raz\u00f5es que decidimos manter muitos dos nomes de pessoas e lugares que dominam estas hist\u00f3rias, pois omiti-los seria desrespeitar uma das suas caracter\u00edsticas fundamentais: a topografia, atrav\u00e9s da qual se procurava registar e legitimar a linhagem de determinados Reis e her\u00f3is, perpetuando a sua mem\u00f3ria, e explicar os nomes encontrados para uma terra que se assumia como uma deusa poderosa, revelada fisicamente nas curvas ondulantes dos montes, nos vales profundos, nas extensas plan\u00edcies e nos lagos de \u00e1gua azul e clara. Na personifica\u00e7\u00e3o da Grande Deusa da Terra assenta grande parte da ess\u00eancia desta mitologia, pelo que se torno vital manter todos os aspectos que contribuem para o seu entendimento e defini\u00e7\u00e3o, incluindo o elemento topogr\u00e1fico. Para ajudar o leitor inclu\u00edmos um gloss\u00e1rio no final do livro.<\/p>\n<p align=\"justify\">Esperamos, pois, com esta obra conseguir n\u00e3o s\u00f3 respeitar os aspectos e os elementos mais essenciais das hist\u00f3rias que narramos, bem como transmitir o encanto, a beleza e a magia dos mitos e lendas dos Celtas que habitaram a Irlanda antiga.<\/p>\n<\/div>\n<\/div>\n<\/div>\n<div class=\"expander__mask\" data-automation-id=\"expand-EditorOpinionOrSummary-button\"><\/div>\n<\/div>\n<\/div>\n<\/div>\n<\/div>\n<\/div>\n<div class=\"f-productLayerGrid__col f-productLayerGrid__col--fixed\">\n<div class=\"f-productLayer advertisingStrate\" data-test=\"A_MIXED_HIGH\"><\/div>\n<\/div>\n","protected":false},"featured_media":6430,"template":"","meta":{"_monsterinsights_skip_tracking":false,"_monsterinsights_sitenote_active":false,"_monsterinsights_sitenote_note":"","_monsterinsights_sitenote_category":0},"product_cat":[102],"product_tag":[],"class_list":{"0":"post-6429","1":"product","2":"type-product","3":"status-publish","4":"has-post-thumbnail","6":"product_cat-livros-tecnicos","7":"pa_book-author-angelica-varandas","9":"first","10":"outofstock","11":"shipping-taxable","12":"purchasable","13":"product-type-simple"},"_links":{"self":[{"href":"https:\/\/mabuko.co.mz\/site\/index.php?rest_route=\/wp\/v2\/product\/6429","targetHints":{"allow":["GET"]}}],"collection":[{"href":"https:\/\/mabuko.co.mz\/site\/index.php?rest_route=\/wp\/v2\/product"}],"about":[{"href":"https:\/\/mabuko.co.mz\/site\/index.php?rest_route=\/wp\/v2\/types\/product"}],"wp:featuredmedia":[{"embeddable":true,"href":"https:\/\/mabuko.co.mz\/site\/index.php?rest_route=\/wp\/v2\/media\/6430"}],"wp:attachment":[{"href":"https:\/\/mabuko.co.mz\/site\/index.php?rest_route=%2Fwp%2Fv2%2Fmedia&parent=6429"}],"wp:term":[{"taxonomy":"product_cat","embeddable":true,"href":"https:\/\/mabuko.co.mz\/site\/index.php?rest_route=%2Fwp%2Fv2%2Fproduct_cat&post=6429"},{"taxonomy":"product_tag","embeddable":true,"href":"https:\/\/mabuko.co.mz\/site\/index.php?rest_route=%2Fwp%2Fv2%2Fproduct_tag&post=6429"}],"curies":[{"name":"wp","href":"https:\/\/api.w.org\/{rel}","templated":true}]}}