{"id":6423,"date":"2022-09-23T08:45:02","date_gmt":"2022-09-23T08:45:02","guid":{"rendered":"https:\/\/mabuko.co.mz\/?post_type=product&#038;p=6423"},"modified":"2023-01-09T13:20:44","modified_gmt":"2023-01-09T13:20:44","slug":"mitos-e-lendas-celtas-do-pais-de-gales","status":"publish","type":"product","link":"https:\/\/mabuko.co.mz\/site\/?product=mitos-e-lendas-celtas-do-pais-de-gales","title":{"rendered":"MITOS E LENDAS CELTAS DO PA\u00cdS DE GALES"},"content":{"rendered":"<p>Ang\u00e9lica Varandas<\/p>\n<p>9789725613481<\/p>\n","protected":false},"excerpt":{"rendered":"<p><strong>SINOPSE<\/strong><\/p>\n<p>Os mitos e lendas celtas do Pa\u00eds de Gales, que se inscrevem num passado de tradi\u00e7\u00e3o oral, conheceram Forma escrita durante a idade M\u00e9dia atrav\u00e9s dos v\u00e1rios contos que fazem parte do Mabinogion. Neles encontramos as origens das lendas do Rei Artur e d os Cavaleiros da T\u00e1vola Redonda e assistimos \u00e0 evolu\u00e7\u00e3o da figura de Artur desde chefe militar (dux bellorum) a rei. De facto, em v\u00e1rios dos textos aqui narrados interv\u00eam j\u00e1 muitas das personagens do universo arturiano, como acontece em Culhwch e Olwen, o mais antigo conto arturiano, e nos romances que parecem reflectir a influ\u00eancia da literatura romanesca de cariz cort\u00eas produzida em Franca. Por sua vez, os mais antigos contos do Mabinogion remetem claramente para o mito, apresentando personagens de origem divina, que podem ser relacionadas com outras divindades celtas adoradas em zonas de culto semelhante, como a Irlanda e a Galia. Ao longo dos s\u00e9culos, esses mitos perdurararn na tradi\u00e7\u00e3o popular do Pa\u00eds de Gales por via oral, tendo dado origem as lendas que, na maioria dos casos, vieram a conhecer forma escrita apenas a partir do s\u00e9culo XVIII. Na verdade, embora grande parte dos contos reflicta a cristianiza\u00e7\u00e3o sofrida pelos mitos pr\u00e9-crist\u00e3os dos antigos celtas, neles podemos distinguir ainda muitos elementos pag\u00e3os, como o motivo da demanda da figura feminina, conquistada, depois perdida, e finalmente reconquistada, em per\u00edodos c\u00edclicos de um ano.<\/p>\n","protected":false},"featured_media":6424,"template":"","meta":{"_monsterinsights_skip_tracking":false,"_monsterinsights_sitenote_active":false,"_monsterinsights_sitenote_note":"","_monsterinsights_sitenote_category":0},"product_cat":[102],"product_tag":[],"class_list":{"0":"post-6423","1":"product","2":"type-product","3":"status-publish","4":"has-post-thumbnail","6":"product_cat-livros-tecnicos","7":"pa_book-author-angelica-varandas","9":"first","10":"outofstock","11":"shipping-taxable","12":"purchasable","13":"product-type-simple"},"_links":{"self":[{"href":"https:\/\/mabuko.co.mz\/site\/index.php?rest_route=\/wp\/v2\/product\/6423","targetHints":{"allow":["GET"]}}],"collection":[{"href":"https:\/\/mabuko.co.mz\/site\/index.php?rest_route=\/wp\/v2\/product"}],"about":[{"href":"https:\/\/mabuko.co.mz\/site\/index.php?rest_route=\/wp\/v2\/types\/product"}],"wp:featuredmedia":[{"embeddable":true,"href":"https:\/\/mabuko.co.mz\/site\/index.php?rest_route=\/wp\/v2\/media\/6424"}],"wp:attachment":[{"href":"https:\/\/mabuko.co.mz\/site\/index.php?rest_route=%2Fwp%2Fv2%2Fmedia&parent=6423"}],"wp:term":[{"taxonomy":"product_cat","embeddable":true,"href":"https:\/\/mabuko.co.mz\/site\/index.php?rest_route=%2Fwp%2Fv2%2Fproduct_cat&post=6423"},{"taxonomy":"product_tag","embeddable":true,"href":"https:\/\/mabuko.co.mz\/site\/index.php?rest_route=%2Fwp%2Fv2%2Fproduct_tag&post=6423"}],"curies":[{"name":"wp","href":"https:\/\/api.w.org\/{rel}","templated":true}]}}