{"id":6421,"date":"2022-09-23T08:32:51","date_gmt":"2022-09-23T08:32:51","guid":{"rendered":"https:\/\/mabuko.co.mz\/?post_type=product&#038;p=6421"},"modified":"2023-01-09T13:21:39","modified_gmt":"2023-01-09T13:21:39","slug":"mitos-e-lendas-da-roma-antiga","status":"publish","type":"product","link":"https:\/\/mabuko.co.mz\/site\/?product=mitos-e-lendas-da-roma-antiga","title":{"rendered":"MITOS E LENDAS DA ROMA ANTIGA"},"content":{"rendered":"<p>Nuno Sim\u00f5es Rodrigues<\/p>\n<p>9789725613498<\/p>\n","protected":false},"excerpt":{"rendered":"<p><strong>SINOPSE<\/strong><\/p>\n<p>Os mitos consistem em narrativas tradicionais, que o s\u00e3o porque t\u00eam um certo significado ou qualidades perenes. Quando essas narrativas se fundam em grandes acontecimentos hist\u00f3ricos, ou tidos como tal, s\u00e3o entendidas como ciclos mitol\u00f3gicos ou sagas. Por outro lado, quando se trata de pequenas narrativas fict\u00edcias acerca de uma personagem ou de um lugar real, com um contexto real, ent\u00e3o s\u00e3o denominadas lendas. Uma terceira categoria de narrativas m\u00edticas diz respeito ao conto popular, uma hist\u00f3ria de aventuras, na qual se incluem elementos m\u00e1gicos e, por vezes, seres sobrenaturais com um enredo frequentemente preenchido por motivos t\u00f3picos e personagens-tipo. Nestes tr\u00eas g\u00e9neros de relatos encontramos praticamente tudo, ou quase tudo, o que os Romanos sabiam acerca das suas origens e dos seus prim\u00f3rdios. N\u00e3o h\u00e1, contudo, uma forma de autonomizar os conte\u00fados desses textos, escritos ou orais, sendo que, n\u00e3o raras vezes, os mesmos motivos se entrecruzam nas v\u00e1rias narrativas. Roma ser\u00e1 mesmo a evid\u00eancia desse entrecruzamento.<br \/>\nNa Gr\u00e9cia, os mitos foram contados e transmitidos, sobretudo pelos poetas \u00e9picos, l\u00edricos e tr\u00e1gicos. Mas o mesmo n\u00e3o aconteceu em Roma. Entre os Romanos, s\u00e3o muitas vezes os historiadores que nos d\u00e3o a conhecer as suas mitologias.<br \/>\nNesta obra recorremos aos autores cl\u00e1ssicos, a fontes originais que acerca deles falam. Cada mito e lenda \u00e9 seguido de um coment\u00e1rio, salientando alguns dos aspectos mais relevantes da narrativa em causa.<br \/>\nUm gloss\u00e1rio, apresentado no final desta obra, procura esclarecer acerca dos locais referidos e conceitos relativos a este tema.<\/p>\n","protected":false},"featured_media":6422,"template":"","meta":{"_monsterinsights_skip_tracking":false,"_monsterinsights_sitenote_active":false,"_monsterinsights_sitenote_note":"","_monsterinsights_sitenote_category":0},"product_cat":[102],"product_tag":[],"class_list":{"0":"post-6421","1":"product","2":"type-product","3":"status-publish","4":"has-post-thumbnail","6":"product_cat-livros-tecnicos","7":"pa_book-author-nuno-simoes-rodrigues","9":"first","10":"outofstock","11":"shipping-taxable","12":"purchasable","13":"product-type-simple"},"_links":{"self":[{"href":"https:\/\/mabuko.co.mz\/site\/index.php?rest_route=\/wp\/v2\/product\/6421","targetHints":{"allow":["GET"]}}],"collection":[{"href":"https:\/\/mabuko.co.mz\/site\/index.php?rest_route=\/wp\/v2\/product"}],"about":[{"href":"https:\/\/mabuko.co.mz\/site\/index.php?rest_route=\/wp\/v2\/types\/product"}],"wp:featuredmedia":[{"embeddable":true,"href":"https:\/\/mabuko.co.mz\/site\/index.php?rest_route=\/wp\/v2\/media\/6422"}],"wp:attachment":[{"href":"https:\/\/mabuko.co.mz\/site\/index.php?rest_route=%2Fwp%2Fv2%2Fmedia&parent=6421"}],"wp:term":[{"taxonomy":"product_cat","embeddable":true,"href":"https:\/\/mabuko.co.mz\/site\/index.php?rest_route=%2Fwp%2Fv2%2Fproduct_cat&post=6421"},{"taxonomy":"product_tag","embeddable":true,"href":"https:\/\/mabuko.co.mz\/site\/index.php?rest_route=%2Fwp%2Fv2%2Fproduct_tag&post=6421"}],"curies":[{"name":"wp","href":"https:\/\/api.w.org\/{rel}","templated":true}]}}