{"id":6419,"date":"2022-09-23T08:20:25","date_gmt":"2022-09-23T08:20:25","guid":{"rendered":"https:\/\/mabuko.co.mz\/?post_type=product&#038;p=6419"},"modified":"2023-01-09T13:22:30","modified_gmt":"2023-01-09T13:22:30","slug":"mitos-e-lendas-da-grecia-antiga","status":"publish","type":"product","link":"https:\/\/mabuko.co.mz\/site\/?product=mitos-e-lendas-da-grecia-antiga","title":{"rendered":"MITOS E LENDAS DA GR\u00c9CIA ANTIGA"},"content":{"rendered":"<p>Mar\u00edlia P. Futre Pinheiro<\/p>\n<p>9789725613375<\/p>\n","protected":false},"excerpt":{"rendered":"<p><strong>SINOPSE<\/strong><\/p>\n<p>Escrever sobre os mitos e lendas gregos \u00e9 uma tarefa aliciante. O tema \u00e9, no entanto, t\u00e3o vasto e complexo, que n\u00e3o nos restou outra solu\u00e7\u00e3o sen\u00e3o fazer uma selec\u00e7\u00e3o dos mais importantes, daqueles que mais t\u00eam alimentado a curiosidade e a vontade de saber de m\u00faltiplas gera\u00e7\u00f5es. O ser humano \u00e9, por natureza, propenso a ouvir e a contar hist\u00f3rias. Tem-se especulado, ao longo dos s\u00e9culos, acerca do significado e alcance destas hist\u00f3rias, que reflectem a extraordin\u00e1ria criatividade de um povo de \u00edndole aberta \u00e0s mais subtis modula\u00e7\u00f5es do pensamento e da emo\u00e7\u00e3o; um povo arguto e curioso, que penetra no cerne das quest\u00f5es para da\u00ed extrair li\u00e7\u00f5es perenes; um povo de sensibilidade refinada e profunda, com uma intui\u00e7\u00e3o espont\u00e2nea do belo, o culto da arte, uma tend\u00eancia at\u00e1vica para idealiza\u00e7\u00e3o, uma frescura de pensamento, uma percep\u00e7\u00e3o do que \u00e9 actual, \u00fatil e verdadeiro.<\/p>\n","protected":false},"featured_media":6420,"template":"","meta":{"_monsterinsights_skip_tracking":false,"_monsterinsights_sitenote_active":false,"_monsterinsights_sitenote_note":"","_monsterinsights_sitenote_category":0},"product_cat":[102],"product_tag":[],"class_list":{"0":"post-6419","1":"product","2":"type-product","3":"status-publish","4":"has-post-thumbnail","6":"product_cat-livros-tecnicos","7":"pa_book-author-marilia-p-futre-pinheiro","9":"first","10":"outofstock","11":"shipping-taxable","12":"purchasable","13":"product-type-simple"},"_links":{"self":[{"href":"https:\/\/mabuko.co.mz\/site\/index.php?rest_route=\/wp\/v2\/product\/6419","targetHints":{"allow":["GET"]}}],"collection":[{"href":"https:\/\/mabuko.co.mz\/site\/index.php?rest_route=\/wp\/v2\/product"}],"about":[{"href":"https:\/\/mabuko.co.mz\/site\/index.php?rest_route=\/wp\/v2\/types\/product"}],"wp:featuredmedia":[{"embeddable":true,"href":"https:\/\/mabuko.co.mz\/site\/index.php?rest_route=\/wp\/v2\/media\/6420"}],"wp:attachment":[{"href":"https:\/\/mabuko.co.mz\/site\/index.php?rest_route=%2Fwp%2Fv2%2Fmedia&parent=6419"}],"wp:term":[{"taxonomy":"product_cat","embeddable":true,"href":"https:\/\/mabuko.co.mz\/site\/index.php?rest_route=%2Fwp%2Fv2%2Fproduct_cat&post=6419"},{"taxonomy":"product_tag","embeddable":true,"href":"https:\/\/mabuko.co.mz\/site\/index.php?rest_route=%2Fwp%2Fv2%2Fproduct_tag&post=6419"}],"curies":[{"name":"wp","href":"https:\/\/api.w.org\/{rel}","templated":true}]}}